{"id":10,"date":"2024-06-30T17:14:03","date_gmt":"2024-06-30T15:14:03","guid":{"rendered":"https:\/\/drapeaux-lesbienne.fr\/?page_id=10"},"modified":"2024-07-01T15:03:30","modified_gmt":"2024-07-01T13:03:30","slug":"mentions-legales","status":"publish","type":"page","link":"https:\/\/drapeaux-lesbienne.fr\/it\/mentions-legales\/","title":{"rendered":"Informazioni legali"},"content":{"rendered":"<p>Informazioni legali<\/p>\n\n\n\n<h1 class=\"wp-block-heading\">Informazioni legali<\/h1>\n\n\n\n<p>En visitant notre site et\/ou en achetant quelque chose aupr\u00e8s de notre entreprise, vous prenez part \u00e0 notre \u00ab Service \u00bb et acceptez d\u2019\u00eatre li\u00e9(e) par les modalit\u00e9s et conditions suivantes (\u00ab Conditions g\u00e9n\u00e9rales \u00bb, \u00ab Conditions d\u2019utilisation \u00bb), y compris par les modalit\u00e9s, conditions et politiques mentionn\u00e9es aux pr\u00e9sentes et\/ou accessibles en hyperlien. Les pr\u00e9sentes Conditions d\u2019utilisation s\u2019appliquent \u00e0 tous les utilisateurs du Site, y compris, sans s\u2019y limiter, aux individus qui sont des visiteurs, des fournisseurs, des clients, des marchands et\/ou des fournisseurs de contenu. Veuillez lire attentivement les pr\u00e9sentes Conditions d\u2019utilisation avant d\u2019acc\u00e9der \u00e0 notre site web et de l\u2019utiliser. En acc\u00e9dant \u00e0 une quelconque partie du Site ou en l\u2019utilisant, vous acceptez d\u2019\u00eatre li\u00e9(e) par les pr\u00e9sentes Conditions d\u2019utilisation. Si vous n\u2019acceptez pas la totalit\u00e9 des modalit\u00e9s et conditions du pr\u00e9sent accord, vous ne pourrez peut-\u00eatre pas acc\u00e9der au site web ou utiliser ses services. Si les pr\u00e9sentes Conditions d\u2019utilisation sont consid\u00e9r\u00e9es comme une offre, leur acceptation se limite express\u00e9ment \u00e0 elles.<\/p>\n\n\n\n<p>Chacun des nouveaux outils ou fonctionnalit\u00e9s qui sont ajout\u00e9s \u00e0 la pr\u00e9sente boutique est \u00e9galement assujetti aux Conditions d\u2019utilisation. Vous pouvez consulter la version la plus r\u00e9cente des Conditions d\u2019utilisation \u00e0 tout moment sur cette page. Nous nous r\u00e9servons le droit de mettre \u00e0 jour, modifier ou remplacer n\u2019importe quelle partie des pr\u00e9sentes Conditions d\u2019utilisation en publiant lesdites mises \u00e0 jour et\/ou modifications sur notre site web. Il vous incombe de v\u00e9rifier cette page de temps \u00e0 autre pour voir si des changements y ont \u00e9t\u00e9 apport\u00e9s. En continuant \u00e0 acc\u00e9der au site web ou \u00e0 l\u2019utiliser apr\u00e8s la publication des modifications, vous acceptez celles-ci. Notre boutique est h\u00e9berg\u00e9e sur wordpress. Cette soci\u00e9t\u00e9 nous fournit la plateforme e-commerce en ligne qui nous permet de vous vendre nos produits et services.<\/p>\n\n\n\n<h2 class=\"wp-block-heading\">CONTACT<\/h2>\n\n\n\n<p>Les questions doivent nous \u00eatre envoy\u00e9es \u00e0 : contact@drapeaux-lesbienne.fr<\/p>\n\n\n\n<h2 class=\"wp-block-heading\">H\u00c9BERGEMENT<\/h2>\n\n\n\n<p>OVH SAS est une filiale de la soci\u00e9t\u00e9 OVH Groupe SA, soci\u00e9t\u00e9 immatricul\u00e9e au RCS de Lille sous le num\u00e9ro 537 407 926 sise\u00a0<strong>2, rue Kellermann, 59100 Roubaix<\/strong>.<\/p>","protected":false},"excerpt":{"rendered":"<p>Mentions l\u00e9gales Mentions l\u00e9gales En visitant notre site et\/ou en achetant quelque chose aupr\u00e8s de notre entreprise, vous prenez part \u00e0 notre \u00ab Service \u00bb et acceptez d\u2019\u00eatre li\u00e9(e) par les modalit\u00e9s et conditions suivantes (\u00ab Conditions g\u00e9n\u00e9rales \u00bb, \u00ab Conditions d\u2019utilisation \u00bb), y compris par les modalit\u00e9s, conditions et politiques mentionn\u00e9es aux pr\u00e9sentes et\/ou&hellip;&nbsp;<a href=\"https:\/\/drapeaux-lesbienne.fr\/it\/mentions-legales\/\" rel=\"bookmark\"><span class=\"screen-reader-text\">Informazioni legali<\/span><\/a><\/p>","protected":false},"author":1,"featured_media":0,"parent":0,"menu_order":0,"comment_status":"closed","ping_status":"closed","template":"","meta":{"neve_meta_sidebar":"","neve_meta_container":"","neve_meta_enable_content_width":"","neve_meta_content_width":0,"neve_meta_title_alignment":"","neve_meta_author_avatar":"","neve_post_elements_order":"","neve_meta_disable_header":"","neve_meta_disable_footer":"","neve_meta_disable_title":"","footnotes":""},"class_list":["post-10","page","type-page","status-publish","hentry"],"yoast_head":"<!-- This site is optimized with the Yoast SEO plugin v26.8 - https:\/\/yoast.com\/product\/yoast-seo-wordpress\/ -->\n<title>Mentions l\u00e9gales - Drapeau Lesbienne<\/title>\n<meta name=\"robots\" content=\"index, follow, max-snippet:-1, max-image-preview:large, max-video-preview:-1\" \/>\n<link rel=\"canonical\" href=\"https:\/\/drapeaux-lesbienne.fr\/it\/mentions-legales\/\" \/>\n<meta property=\"og:locale\" content=\"it_IT\" \/>\n<meta property=\"og:type\" content=\"article\" \/>\n<meta property=\"og:title\" content=\"Mentions l\u00e9gales - Drapeau Lesbienne\" \/>\n<meta property=\"og:description\" content=\"Mentions l\u00e9gales Mentions l\u00e9gales En visitant notre site et\/ou en achetant quelque chose aupr\u00e8s de notre entreprise, vous prenez part \u00e0 notre \u00ab Service \u00bb et acceptez d\u2019\u00eatre li\u00e9(e) par les modalit\u00e9s et conditions suivantes (\u00ab Conditions g\u00e9n\u00e9rales \u00bb, \u00ab Conditions d\u2019utilisation \u00bb), y compris par les modalit\u00e9s, conditions et politiques mentionn\u00e9es aux pr\u00e9sentes et\/ou&hellip;&nbsp;Mentions l\u00e9gales\" \/>\n<meta property=\"og:url\" content=\"https:\/\/drapeaux-lesbienne.fr\/it\/mentions-legales\/\" \/>\n<meta property=\"og:site_name\" content=\"Drapeau Lesbienne\" \/>\n<meta property=\"article:modified_time\" content=\"2024-07-01T13:03:30+00:00\" \/>\n<meta name=\"twitter:card\" content=\"summary_large_image\" \/>\n<meta name=\"twitter:label1\" content=\"Tempo di lettura stimato\" \/>\n\t<meta name=\"twitter:data1\" content=\"2 minuti\" \/>\n<script type=\"application\/ld+json\" class=\"yoast-schema-graph\">{\"@context\":\"https:\/\/schema.org\",\"@graph\":[{\"@type\":\"WebPage\",\"@id\":\"https:\/\/drapeaux-lesbienne.fr\/mentions-legales\/\",\"url\":\"https:\/\/drapeaux-lesbienne.fr\/mentions-legales\/\",\"name\":\"Mentions l\u00e9gales - Drapeau Lesbienne\",\"isPartOf\":{\"@id\":\"https:\/\/drapeaux-lesbienne.fr\/#website\"},\"datePublished\":\"2024-06-30T15:14:03+00:00\",\"dateModified\":\"2024-07-01T13:03:30+00:00\",\"breadcrumb\":{\"@id\":\"https:\/\/drapeaux-lesbienne.fr\/mentions-legales\/#breadcrumb\"},\"inLanguage\":\"it-IT\",\"potentialAction\":[{\"@type\":\"ReadAction\",\"target\":[\"https:\/\/drapeaux-lesbienne.fr\/mentions-legales\/\"]}]},{\"@type\":\"BreadcrumbList\",\"@id\":\"https:\/\/drapeaux-lesbienne.fr\/mentions-legales\/#breadcrumb\",\"itemListElement\":[{\"@type\":\"ListItem\",\"position\":1,\"name\":\"Accueil\",\"item\":\"https:\/\/drapeaux-lesbienne.fr\/\"},{\"@type\":\"ListItem\",\"position\":2,\"name\":\"Mentions l\u00e9gales\"}]},{\"@type\":\"WebSite\",\"@id\":\"https:\/\/drapeaux-lesbienne.fr\/#website\",\"url\":\"https:\/\/drapeaux-lesbienne.fr\/\",\"name\":\"Drapeaux Lesbienne\",\"description\":\"D\u00e9couvrir les Drapeaux Lesbienne\",\"publisher\":{\"@id\":\"https:\/\/drapeaux-lesbienne.fr\/#organization\"},\"potentialAction\":[{\"@type\":\"SearchAction\",\"target\":{\"@type\":\"EntryPoint\",\"urlTemplate\":\"https:\/\/drapeaux-lesbienne.fr\/?s={search_term_string}\"},\"query-input\":{\"@type\":\"PropertyValueSpecification\",\"valueRequired\":true,\"valueName\":\"search_term_string\"}}],\"inLanguage\":\"it-IT\"},{\"@type\":\"Organization\",\"@id\":\"https:\/\/drapeaux-lesbienne.fr\/#organization\",\"name\":\"Drapeaux Lesbienne\",\"url\":\"https:\/\/drapeaux-lesbienne.fr\/\",\"logo\":{\"@type\":\"ImageObject\",\"inLanguage\":\"it-IT\",\"@id\":\"https:\/\/drapeaux-lesbienne.fr\/#\/schema\/logo\/image\/\",\"url\":\"https:\/\/i0.wp.com\/drapeaux-lesbienne.fr\/wp-content\/uploads\/2024\/06\/drapeaux-lesbienne-icon.jpg?fit=512%2C512&ssl=1\",\"contentUrl\":\"https:\/\/i0.wp.com\/drapeaux-lesbienne.fr\/wp-content\/uploads\/2024\/06\/drapeaux-lesbienne-icon.jpg?fit=512%2C512&ssl=1\",\"width\":512,\"height\":512,\"caption\":\"Drapeaux Lesbienne\"},\"image\":{\"@id\":\"https:\/\/drapeaux-lesbienne.fr\/#\/schema\/logo\/image\/\"}}]}<\/script>\n<!-- \/ Yoast SEO plugin. -->","yoast_head_json":{"title":"Mentions l\u00e9gales - Drapeau Lesbienne","robots":{"index":"index","follow":"follow","max-snippet":"max-snippet:-1","max-image-preview":"max-image-preview:large","max-video-preview":"max-video-preview:-1"},"canonical":"https:\/\/drapeaux-lesbienne.fr\/it\/mentions-legales\/","og_locale":"it_IT","og_type":"article","og_title":"Mentions l\u00e9gales - Drapeau Lesbienne","og_description":"Mentions l\u00e9gales Mentions l\u00e9gales En visitant notre site et\/ou en achetant quelque chose aupr\u00e8s de notre entreprise, vous prenez part \u00e0 notre \u00ab Service \u00bb et acceptez d\u2019\u00eatre li\u00e9(e) par les modalit\u00e9s et conditions suivantes (\u00ab Conditions g\u00e9n\u00e9rales \u00bb, \u00ab Conditions d\u2019utilisation \u00bb), y compris par les modalit\u00e9s, conditions et politiques mentionn\u00e9es aux pr\u00e9sentes et\/ou&hellip;&nbsp;Mentions l\u00e9gales","og_url":"https:\/\/drapeaux-lesbienne.fr\/it\/mentions-legales\/","og_site_name":"Drapeau Lesbienne","article_modified_time":"2024-07-01T13:03:30+00:00","twitter_card":"summary_large_image","twitter_misc":{"Tempo di lettura stimato":"2 minuti"},"schema":{"@context":"https:\/\/schema.org","@graph":[{"@type":"WebPage","@id":"https:\/\/drapeaux-lesbienne.fr\/mentions-legales\/","url":"https:\/\/drapeaux-lesbienne.fr\/mentions-legales\/","name":"Mentions l\u00e9gales - Drapeau Lesbienne","isPartOf":{"@id":"https:\/\/drapeaux-lesbienne.fr\/#website"},"datePublished":"2024-06-30T15:14:03+00:00","dateModified":"2024-07-01T13:03:30+00:00","breadcrumb":{"@id":"https:\/\/drapeaux-lesbienne.fr\/mentions-legales\/#breadcrumb"},"inLanguage":"it-IT","potentialAction":[{"@type":"ReadAction","target":["https:\/\/drapeaux-lesbienne.fr\/mentions-legales\/"]}]},{"@type":"BreadcrumbList","@id":"https:\/\/drapeaux-lesbienne.fr\/mentions-legales\/#breadcrumb","itemListElement":[{"@type":"ListItem","position":1,"name":"Accueil","item":"https:\/\/drapeaux-lesbienne.fr\/"},{"@type":"ListItem","position":2,"name":"Mentions l\u00e9gales"}]},{"@type":"WebSite","@id":"https:\/\/drapeaux-lesbienne.fr\/#website","url":"https:\/\/drapeaux-lesbienne.fr\/","name":"Bandiere Lesbiche","description":"D\u00e9couvrir les Drapeaux Lesbienne","publisher":{"@id":"https:\/\/drapeaux-lesbienne.fr\/#organization"},"potentialAction":[{"@type":"SearchAction","target":{"@type":"EntryPoint","urlTemplate":"https:\/\/drapeaux-lesbienne.fr\/?s={search_term_string}"},"query-input":{"@type":"PropertyValueSpecification","valueRequired":true,"valueName":"search_term_string"}}],"inLanguage":"it-IT"},{"@type":"Organization","@id":"https:\/\/drapeaux-lesbienne.fr\/#organization","name":"Bandiere Lesbiche","url":"https:\/\/drapeaux-lesbienne.fr\/","logo":{"@type":"ImageObject","inLanguage":"it-IT","@id":"https:\/\/drapeaux-lesbienne.fr\/#\/schema\/logo\/image\/","url":"https:\/\/i0.wp.com\/drapeaux-lesbienne.fr\/wp-content\/uploads\/2024\/06\/drapeaux-lesbienne-icon.jpg?fit=512%2C512&ssl=1","contentUrl":"https:\/\/i0.wp.com\/drapeaux-lesbienne.fr\/wp-content\/uploads\/2024\/06\/drapeaux-lesbienne-icon.jpg?fit=512%2C512&ssl=1","width":512,"height":512,"caption":"Drapeaux Lesbienne"},"image":{"@id":"https:\/\/drapeaux-lesbienne.fr\/#\/schema\/logo\/image\/"}}]}},"jetpack_sharing_enabled":true,"_links":{"self":[{"href":"https:\/\/drapeaux-lesbienne.fr\/it\/wp-json\/wp\/v2\/pages\/10","targetHints":{"allow":["GET"]}}],"collection":[{"href":"https:\/\/drapeaux-lesbienne.fr\/it\/wp-json\/wp\/v2\/pages"}],"about":[{"href":"https:\/\/drapeaux-lesbienne.fr\/it\/wp-json\/wp\/v2\/types\/page"}],"author":[{"embeddable":true,"href":"https:\/\/drapeaux-lesbienne.fr\/it\/wp-json\/wp\/v2\/users\/1"}],"replies":[{"embeddable":true,"href":"https:\/\/drapeaux-lesbienne.fr\/it\/wp-json\/wp\/v2\/comments?post=10"}],"version-history":[{"count":2,"href":"https:\/\/drapeaux-lesbienne.fr\/it\/wp-json\/wp\/v2\/pages\/10\/revisions"}],"predecessor-version":[{"id":139,"href":"https:\/\/drapeaux-lesbienne.fr\/it\/wp-json\/wp\/v2\/pages\/10\/revisions\/139"}],"wp:attachment":[{"href":"https:\/\/drapeaux-lesbienne.fr\/it\/wp-json\/wp\/v2\/media?parent=10"}],"curies":[{"name":"wp","href":"https:\/\/api.w.org\/{rel}","templated":true}]}}