{"id":140,"date":"2024-07-01T15:04:58","date_gmt":"2024-07-01T13:04:58","guid":{"rendered":"https:\/\/drapeaux-lesbienne.fr\/?page_id=140"},"modified":"2024-12-04T14:48:14","modified_gmt":"2024-12-04T13:48:14","slug":"contact","status":"publish","type":"page","link":"https:\/\/drapeaux-lesbienne.fr\/it\/contact\/","title":{"rendered":"Contatto"},"content":{"rendered":"<div class=\"wp-block-jetpack-contact-form\"><a href=\"https:\/\/drapeaux-lesbienne.fr\/it\/contact\/\" target=\"_blank\" rel=\"noopener noreferrer\">Invia un modulo.<\/a><\/div>\n\n\n<hr class=\"wp-block-separator has-alpha-channel-opacity\"\/>\n\n\n\n<p><\/p>\n\n\n\n<h2 class=\"wp-block-heading has-text-align-center\"><strong>Annonceurs et agences : Publiez sur Notre Blog et Boostez votre Visibilit\u00e9 !<\/strong><\/h2>\n\n\n\n<h4 class=\"wp-block-heading has-text-align-center\"><strong>contactseloviliseo @ gmail. com<\/strong> <\/h4>\n\n\n\n<p class=\"has-text-align-center\"><br>Vous cherchez \u00e0 promouvoir vos produits, services ou id\u00e9es aupr\u00e8s d\u2019une audience cibl\u00e9e et engag\u00e9e ? Notre blog est l\u2019endroit id\u00e9al pour publier vos articles sponsoris\u00e9s. Avec une forte visibilit\u00e9 dans notre niche et un r\u00e9f\u00e9rencement SEO optimis\u00e9, nous offrons un excellent levier pour accro\u00eetre votre notori\u00e9t\u00e9. Contactez-nous d\u00e8s aujourd\u2019hui \u00e0 <strong>contactseloviliseo @ gmail. com<\/strong> pour discuter des opportunit\u00e9s de collaboration !<\/p>","protected":false},"excerpt":{"rendered":"<p>Annonceurs et agences : Publiez sur Notre Blog et Boostez votre Visibilit\u00e9 ! contactseloviliseo @ gmail. com Vous cherchez \u00e0 promouvoir vos produits, services ou id\u00e9es aupr\u00e8s d\u2019une audience cibl\u00e9e et engag\u00e9e ? Notre blog est l\u2019endroit id\u00e9al pour publier vos articles sponsoris\u00e9s. Avec une forte visibilit\u00e9 dans notre niche et un r\u00e9f\u00e9rencement SEO optimis\u00e9,&hellip;&nbsp;<a href=\"https:\/\/drapeaux-lesbienne.fr\/it\/contact\/\" rel=\"bookmark\"><span class=\"screen-reader-text\">Contatto<\/span><\/a><\/p>","protected":false},"author":1,"featured_media":0,"parent":0,"menu_order":0,"comment_status":"closed","ping_status":"closed","template":"","meta":{"neve_meta_sidebar":"","neve_meta_container":"","neve_meta_enable_content_width":"","neve_meta_content_width":0,"neve_meta_title_alignment":"","neve_meta_author_avatar":"","neve_post_elements_order":"","neve_meta_disable_header":"","neve_meta_disable_footer":"","neve_meta_disable_title":"","footnotes":""},"class_list":["post-140","page","type-page","status-publish","hentry"],"yoast_head":"<!-- This site is optimized with the Yoast SEO plugin v26.8 - https:\/\/yoast.com\/product\/yoast-seo-wordpress\/ -->\n<title>Contact - Drapeau Lesbienne<\/title>\n<meta name=\"description\" content=\"Notre formulaire de contact\" \/>\n<meta name=\"robots\" content=\"index, follow, max-snippet:-1, max-image-preview:large, max-video-preview:-1\" \/>\n<link rel=\"canonical\" href=\"https:\/\/drapeaux-lesbienne.fr\/it\/contact\/\" \/>\n<meta property=\"og:locale\" content=\"it_IT\" \/>\n<meta property=\"og:type\" content=\"article\" \/>\n<meta property=\"og:title\" content=\"Contact - Drapeau Lesbienne\" \/>\n<meta property=\"og:description\" content=\"Notre formulaire de contact\" \/>\n<meta property=\"og:url\" content=\"https:\/\/drapeaux-lesbienne.fr\/it\/contact\/\" \/>\n<meta property=\"og:site_name\" content=\"Drapeau Lesbienne\" \/>\n<meta property=\"article:modified_time\" content=\"2024-12-04T13:48:14+00:00\" \/>\n<meta name=\"twitter:card\" content=\"summary_large_image\" \/>\n<meta name=\"twitter:label1\" content=\"Tempo di lettura stimato\" \/>\n\t<meta name=\"twitter:data1\" content=\"1 minuto\" \/>\n<script type=\"application\/ld+json\" class=\"yoast-schema-graph\">{\"@context\":\"https:\/\/schema.org\",\"@graph\":[{\"@type\":\"WebPage\",\"@id\":\"https:\/\/drapeaux-lesbienne.fr\/contact\/\",\"url\":\"https:\/\/drapeaux-lesbienne.fr\/contact\/\",\"name\":\"Contact - Drapeau Lesbienne\",\"isPartOf\":{\"@id\":\"https:\/\/drapeaux-lesbienne.fr\/#website\"},\"datePublished\":\"2024-07-01T13:04:58+00:00\",\"dateModified\":\"2024-12-04T13:48:14+00:00\",\"description\":\"Notre formulaire de contact\",\"breadcrumb\":{\"@id\":\"https:\/\/drapeaux-lesbienne.fr\/contact\/#breadcrumb\"},\"inLanguage\":\"it-IT\",\"potentialAction\":[{\"@type\":\"ReadAction\",\"target\":[\"https:\/\/drapeaux-lesbienne.fr\/contact\/\"]}]},{\"@type\":\"BreadcrumbList\",\"@id\":\"https:\/\/drapeaux-lesbienne.fr\/contact\/#breadcrumb\",\"itemListElement\":[{\"@type\":\"ListItem\",\"position\":1,\"name\":\"Accueil\",\"item\":\"https:\/\/drapeaux-lesbienne.fr\/\"},{\"@type\":\"ListItem\",\"position\":2,\"name\":\"Contact\"}]},{\"@type\":\"WebSite\",\"@id\":\"https:\/\/drapeaux-lesbienne.fr\/#website\",\"url\":\"https:\/\/drapeaux-lesbienne.fr\/\",\"name\":\"Drapeaux Lesbienne\",\"description\":\"D\u00e9couvrir les Drapeaux Lesbienne\",\"publisher\":{\"@id\":\"https:\/\/drapeaux-lesbienne.fr\/#organization\"},\"potentialAction\":[{\"@type\":\"SearchAction\",\"target\":{\"@type\":\"EntryPoint\",\"urlTemplate\":\"https:\/\/drapeaux-lesbienne.fr\/?s={search_term_string}\"},\"query-input\":{\"@type\":\"PropertyValueSpecification\",\"valueRequired\":true,\"valueName\":\"search_term_string\"}}],\"inLanguage\":\"it-IT\"},{\"@type\":\"Organization\",\"@id\":\"https:\/\/drapeaux-lesbienne.fr\/#organization\",\"name\":\"Drapeaux Lesbienne\",\"url\":\"https:\/\/drapeaux-lesbienne.fr\/\",\"logo\":{\"@type\":\"ImageObject\",\"inLanguage\":\"it-IT\",\"@id\":\"https:\/\/drapeaux-lesbienne.fr\/#\/schema\/logo\/image\/\",\"url\":\"https:\/\/i0.wp.com\/drapeaux-lesbienne.fr\/wp-content\/uploads\/2024\/06\/drapeaux-lesbienne-icon.jpg?fit=512%2C512&ssl=1\",\"contentUrl\":\"https:\/\/i0.wp.com\/drapeaux-lesbienne.fr\/wp-content\/uploads\/2024\/06\/drapeaux-lesbienne-icon.jpg?fit=512%2C512&ssl=1\",\"width\":512,\"height\":512,\"caption\":\"Drapeaux Lesbienne\"},\"image\":{\"@id\":\"https:\/\/drapeaux-lesbienne.fr\/#\/schema\/logo\/image\/\"}}]}<\/script>\n<!-- \/ Yoast SEO plugin. -->","yoast_head_json":{"title":"Contact - Drapeau Lesbienne","description":"Notre formulaire de contact","robots":{"index":"index","follow":"follow","max-snippet":"max-snippet:-1","max-image-preview":"max-image-preview:large","max-video-preview":"max-video-preview:-1"},"canonical":"https:\/\/drapeaux-lesbienne.fr\/it\/contact\/","og_locale":"it_IT","og_type":"article","og_title":"Contact - Drapeau Lesbienne","og_description":"Notre formulaire de contact","og_url":"https:\/\/drapeaux-lesbienne.fr\/it\/contact\/","og_site_name":"Drapeau Lesbienne","article_modified_time":"2024-12-04T13:48:14+00:00","twitter_card":"summary_large_image","twitter_misc":{"Tempo di lettura stimato":"1 minuto"},"schema":{"@context":"https:\/\/schema.org","@graph":[{"@type":"WebPage","@id":"https:\/\/drapeaux-lesbienne.fr\/contact\/","url":"https:\/\/drapeaux-lesbienne.fr\/contact\/","name":"Contact - Drapeau Lesbienne","isPartOf":{"@id":"https:\/\/drapeaux-lesbienne.fr\/#website"},"datePublished":"2024-07-01T13:04:58+00:00","dateModified":"2024-12-04T13:48:14+00:00","description":"Notre formulaire de contact","breadcrumb":{"@id":"https:\/\/drapeaux-lesbienne.fr\/contact\/#breadcrumb"},"inLanguage":"it-IT","potentialAction":[{"@type":"ReadAction","target":["https:\/\/drapeaux-lesbienne.fr\/contact\/"]}]},{"@type":"BreadcrumbList","@id":"https:\/\/drapeaux-lesbienne.fr\/contact\/#breadcrumb","itemListElement":[{"@type":"ListItem","position":1,"name":"Accueil","item":"https:\/\/drapeaux-lesbienne.fr\/"},{"@type":"ListItem","position":2,"name":"Contact"}]},{"@type":"WebSite","@id":"https:\/\/drapeaux-lesbienne.fr\/#website","url":"https:\/\/drapeaux-lesbienne.fr\/","name":"Bandiere Lesbiche","description":"D\u00e9couvrir les Drapeaux Lesbienne","publisher":{"@id":"https:\/\/drapeaux-lesbienne.fr\/#organization"},"potentialAction":[{"@type":"SearchAction","target":{"@type":"EntryPoint","urlTemplate":"https:\/\/drapeaux-lesbienne.fr\/?s={search_term_string}"},"query-input":{"@type":"PropertyValueSpecification","valueRequired":true,"valueName":"search_term_string"}}],"inLanguage":"it-IT"},{"@type":"Organization","@id":"https:\/\/drapeaux-lesbienne.fr\/#organization","name":"Bandiere Lesbiche","url":"https:\/\/drapeaux-lesbienne.fr\/","logo":{"@type":"ImageObject","inLanguage":"it-IT","@id":"https:\/\/drapeaux-lesbienne.fr\/#\/schema\/logo\/image\/","url":"https:\/\/i0.wp.com\/drapeaux-lesbienne.fr\/wp-content\/uploads\/2024\/06\/drapeaux-lesbienne-icon.jpg?fit=512%2C512&ssl=1","contentUrl":"https:\/\/i0.wp.com\/drapeaux-lesbienne.fr\/wp-content\/uploads\/2024\/06\/drapeaux-lesbienne-icon.jpg?fit=512%2C512&ssl=1","width":512,"height":512,"caption":"Drapeaux Lesbienne"},"image":{"@id":"https:\/\/drapeaux-lesbienne.fr\/#\/schema\/logo\/image\/"}}]}},"jetpack_sharing_enabled":true,"_links":{"self":[{"href":"https:\/\/drapeaux-lesbienne.fr\/it\/wp-json\/wp\/v2\/pages\/140","targetHints":{"allow":["GET"]}}],"collection":[{"href":"https:\/\/drapeaux-lesbienne.fr\/it\/wp-json\/wp\/v2\/pages"}],"about":[{"href":"https:\/\/drapeaux-lesbienne.fr\/it\/wp-json\/wp\/v2\/types\/page"}],"author":[{"embeddable":true,"href":"https:\/\/drapeaux-lesbienne.fr\/it\/wp-json\/wp\/v2\/users\/1"}],"replies":[{"embeddable":true,"href":"https:\/\/drapeaux-lesbienne.fr\/it\/wp-json\/wp\/v2\/comments?post=140"}],"version-history":[{"count":3,"href":"https:\/\/drapeaux-lesbienne.fr\/it\/wp-json\/wp\/v2\/pages\/140\/revisions"}],"predecessor-version":[{"id":1288,"href":"https:\/\/drapeaux-lesbienne.fr\/it\/wp-json\/wp\/v2\/pages\/140\/revisions\/1288"}],"wp:attachment":[{"href":"https:\/\/drapeaux-lesbienne.fr\/it\/wp-json\/wp\/v2\/media?parent=140"}],"curies":[{"name":"wp","href":"https:\/\/api.w.org\/{rel}","templated":true}]}}