{"id":161,"date":"2024-07-01T15:41:54","date_gmt":"2024-07-01T13:41:54","guid":{"rendered":"https:\/\/drapeaux-lesbienne.fr\/produit\/drapeau-lesbien-7-bandes\/"},"modified":"2026-04-16T07:19:58","modified_gmt":"2026-04-16T05:19:58","slug":"drapeau-lesbien-7-bandes","status":"publish","type":"product","link":"https:\/\/drapeaux-lesbienne.fr\/it\/prodotto\/drapeau-lesbien-7-bandes\/","title":{"rendered":"Bandiera lesbica 7 strisce (90x150cm)"},"content":{"rendered":"<p><strong>Bandiera lesbica 7 strisce (90x150cm)<\/strong><\/p>\n<h1 class=\"product_title entry-title\"><\/h1>\n<h3>Uso versatile<\/h3>\n<p>Che si tratti di decorare il proprio spazio interno, di mostrare il proprio orgoglio agli eventi LGBTQ+ o di regalarla a una persona cara, la bandiera lesbica a 7 strisce \u00e8 l'accessorio ideale. Le sue dimensioni generose consentono la massima visibilit\u00e0 e i suoi colori vivaci attirano l'attenzione e incoraggiano la discussione. Mostrate il vostro sostegno e la vostra solidariet\u00e0 alla comunit\u00e0 lesbica in modo colorato e stimolante.<\/p>","protected":false},"excerpt":{"rendered":"<h2>Bandiera lesbica a 7 strisce (90x150cm) : Mostra il tuo orgoglio con stile<\/h2>\n<h3>Design colorato e simbolico<\/h3>\n<p>La bandiera lesbica a 7 strisce \u00e8 un simbolo vibrante e potente della comunit\u00e0 lesbica. Con le sue sette bande di colore che vanno dal rosso intenso al viola profondo, ogni tonalit\u00e0 racconta una storia unica di passione, diversit\u00e0 e solidariet\u00e0. Questa bandiera \u00e8 stata progettata per essere appesa con orgoglio in casa, alle marce del Pride o per qualsiasi celebrazione dell'identit\u00e0 lesbica. Realizzata con materiali durevoli, \u00e8 resistente agli agenti atmosferici e mantiene i suoi colori vivaci anche dopo una prolungata esposizione alla luce del sole.<\/p>\n<h3>Qualit\u00e0 e durata premium<\/h3>\n<p>Sappiamo quanto sia importante avere una bandiera che duri nel tempo. Ecco perch\u00e9 la bandiera lesbica 7 Stripes \u00e8 realizzata in poliestere di alta qualit\u00e0, per garantire una grande resistenza all'usura. Le cuciture rinforzate e gli occhielli in ottone assicurano una vestibilit\u00e0 sicura e una resistenza agli strappi, anche durante gli eventi pi\u00f9 intensi all'aperto. Investite in una bandiera che non solo rappresenta il vostro orgoglio, ma \u00e8 anche progettata per durare nel tempo.<\/p>","protected":false},"featured_media":172,"comment_status":"open","ping_status":"closed","template":"","meta":{"neve_meta_sidebar":"","neve_meta_container":"","neve_meta_enable_content_width":"off","neve_meta_content_width":100,"neve_meta_title_alignment":"","neve_meta_author_avatar":"","neve_post_elements_order":"","neve_meta_disable_header":"","neve_meta_disable_footer":"","neve_meta_disable_title":""},"product_brand":[],"product_cat":[18],"product_tag":[],"class_list":{"0":"post-161","1":"product","2":"type-product","3":"status-publish","4":"has-post-thumbnail","6":"product_cat-drapeaux","8":"first","9":"instock","10":"sale","11":"shipping-taxable","12":"purchasable","13":"product-type-simple"},"yoast_head":"<!-- This site is optimized with the Yoast SEO plugin v26.8 - https:\/\/yoast.com\/product\/yoast-seo-wordpress\/ -->\n<title>Drapeau Lesbien 7 bandes (90x150cm)<\/title>\n<meta name=\"description\" content=\"D\u00e9couvrez le Drapeau Lesbien 7 Bandes, symbole vibrant de la communaut\u00e9 lesbienne. Fabriqu\u00e9 en polyester durable avec des couleurs \u00e9clatantes\" \/>\n<meta name=\"robots\" content=\"index, follow, max-snippet:-1, max-image-preview:large, max-video-preview:-1\" \/>\n<link rel=\"canonical\" href=\"https:\/\/drapeaux-lesbienne.fr\/it\/prodotto\/drapeau-lesbien-7-bandes\/\" \/>\n<meta property=\"og:locale\" content=\"it_IT\" \/>\n<meta property=\"og:type\" content=\"article\" \/>\n<meta property=\"og:title\" content=\"Drapeau Lesbien 7 bandes (90x150cm)\" \/>\n<meta property=\"og:description\" content=\"D\u00e9couvrez le Drapeau Lesbien 7 Bandes, symbole vibrant de la communaut\u00e9 lesbienne. Fabriqu\u00e9 en polyester durable avec des couleurs \u00e9clatantes\" \/>\n<meta property=\"og:url\" content=\"https:\/\/drapeaux-lesbienne.fr\/it\/prodotto\/drapeau-lesbien-7-bandes\/\" \/>\n<meta property=\"og:site_name\" content=\"Drapeau Lesbienne\" \/>\n<meta property=\"article:modified_time\" content=\"2026-04-16T05:19:58+00:00\" \/>\n<meta property=\"og:image\" content=\"http:\/\/drapeaux-lesbienne.fr\/wp-content\/uploads\/2024\/07\/63.jpg\" \/>\n\t<meta property=\"og:image:width\" content=\"932\" \/>\n\t<meta property=\"og:image:height\" content=\"928\" \/>\n\t<meta property=\"og:image:type\" content=\"image\/jpeg\" \/>\n<meta name=\"twitter:card\" content=\"summary_large_image\" \/>\n<meta name=\"twitter:label1\" content=\"Tempo di lettura stimato\" \/>\n\t<meta name=\"twitter:data1\" content=\"1 minuto\" \/>\n<script type=\"application\/ld+json\" class=\"yoast-schema-graph\">{\"@context\":\"https:\/\/schema.org\",\"@graph\":[{\"@type\":\"WebPage\",\"@id\":\"https:\/\/drapeaux-lesbienne.fr\/produit\/drapeau-lesbien-7-bandes\/\",\"url\":\"https:\/\/drapeaux-lesbienne.fr\/produit\/drapeau-lesbien-7-bandes\/\",\"name\":\"Drapeau Lesbien 7 bandes (90x150cm)\",\"isPartOf\":{\"@id\":\"https:\/\/drapeaux-lesbienne.fr\/#website\"},\"primaryImageOfPage\":{\"@id\":\"https:\/\/drapeaux-lesbienne.fr\/produit\/drapeau-lesbien-7-bandes\/#primaryimage\"},\"image\":{\"@id\":\"https:\/\/drapeaux-lesbienne.fr\/produit\/drapeau-lesbien-7-bandes\/#primaryimage\"},\"thumbnailUrl\":\"https:\/\/i0.wp.com\/drapeaux-lesbienne.fr\/wp-content\/uploads\/2024\/07\/63.jpg?fit=932%2C928&ssl=1\",\"datePublished\":\"2024-07-01T13:41:54+00:00\",\"dateModified\":\"2026-04-16T05:19:58+00:00\",\"description\":\"D\u00e9couvrez le Drapeau Lesbien 7 Bandes, symbole vibrant de la communaut\u00e9 lesbienne. Fabriqu\u00e9 en polyester durable avec des couleurs \u00e9clatantes\",\"breadcrumb\":{\"@id\":\"https:\/\/drapeaux-lesbienne.fr\/produit\/drapeau-lesbien-7-bandes\/#breadcrumb\"},\"inLanguage\":\"it-IT\",\"potentialAction\":[{\"@type\":\"ReadAction\",\"target\":[\"https:\/\/drapeaux-lesbienne.fr\/produit\/drapeau-lesbien-7-bandes\/\"]}]},{\"@type\":\"ImageObject\",\"inLanguage\":\"it-IT\",\"@id\":\"https:\/\/drapeaux-lesbienne.fr\/produit\/drapeau-lesbien-7-bandes\/#primaryimage\",\"url\":\"https:\/\/i0.wp.com\/drapeaux-lesbienne.fr\/wp-content\/uploads\/2024\/07\/63.jpg?fit=932%2C928&ssl=1\",\"contentUrl\":\"https:\/\/i0.wp.com\/drapeaux-lesbienne.fr\/wp-content\/uploads\/2024\/07\/63.jpg?fit=932%2C928&ssl=1\",\"width\":932,\"height\":928,\"caption\":\"Drapeau Lesbien 7 bandes\"},{\"@type\":\"BreadcrumbList\",\"@id\":\"https:\/\/drapeaux-lesbienne.fr\/produit\/drapeau-lesbien-7-bandes\/#breadcrumb\",\"itemListElement\":[{\"@type\":\"ListItem\",\"position\":1,\"name\":\"Accueil\",\"item\":\"https:\/\/drapeaux-lesbienne.fr\/\"},{\"@type\":\"ListItem\",\"position\":2,\"name\":\"Boutique\",\"item\":\"https:\/\/drapeaux-lesbienne.fr\/boutique\/\"},{\"@type\":\"ListItem\",\"position\":3,\"name\":\"Drapeau Lesbien 7 bandes (90x150cm)\"}]},{\"@type\":\"WebSite\",\"@id\":\"https:\/\/drapeaux-lesbienne.fr\/#website\",\"url\":\"https:\/\/drapeaux-lesbienne.fr\/\",\"name\":\"Drapeaux Lesbienne\",\"description\":\"D\u00e9couvrir les Drapeaux Lesbienne\",\"publisher\":{\"@id\":\"https:\/\/drapeaux-lesbienne.fr\/#organization\"},\"potentialAction\":[{\"@type\":\"SearchAction\",\"target\":{\"@type\":\"EntryPoint\",\"urlTemplate\":\"https:\/\/drapeaux-lesbienne.fr\/?s={search_term_string}\"},\"query-input\":{\"@type\":\"PropertyValueSpecification\",\"valueRequired\":true,\"valueName\":\"search_term_string\"}}],\"inLanguage\":\"it-IT\"},{\"@type\":\"Organization\",\"@id\":\"https:\/\/drapeaux-lesbienne.fr\/#organization\",\"name\":\"Drapeaux Lesbienne\",\"url\":\"https:\/\/drapeaux-lesbienne.fr\/\",\"logo\":{\"@type\":\"ImageObject\",\"inLanguage\":\"it-IT\",\"@id\":\"https:\/\/drapeaux-lesbienne.fr\/#\/schema\/logo\/image\/\",\"url\":\"https:\/\/i0.wp.com\/drapeaux-lesbienne.fr\/wp-content\/uploads\/2024\/06\/drapeaux-lesbienne-icon.jpg?fit=512%2C512&ssl=1\",\"contentUrl\":\"https:\/\/i0.wp.com\/drapeaux-lesbienne.fr\/wp-content\/uploads\/2024\/06\/drapeaux-lesbienne-icon.jpg?fit=512%2C512&ssl=1\",\"width\":512,\"height\":512,\"caption\":\"Drapeaux Lesbienne\"},\"image\":{\"@id\":\"https:\/\/drapeaux-lesbienne.fr\/#\/schema\/logo\/image\/\"}}]}<\/script>\n<!-- \/ Yoast SEO plugin. -->","yoast_head_json":{"title":"Bandiera lesbica 7 strisce (90x150cm)","description":"D\u00e9couvrez le Drapeau Lesbien 7 Bandes, symbole vibrant de la communaut\u00e9 lesbienne. Fabriqu\u00e9 en polyester durable avec des couleurs \u00e9clatantes","robots":{"index":"index","follow":"follow","max-snippet":"max-snippet:-1","max-image-preview":"max-image-preview:large","max-video-preview":"max-video-preview:-1"},"canonical":"https:\/\/drapeaux-lesbienne.fr\/it\/prodotto\/drapeau-lesbien-7-bandes\/","og_locale":"it_IT","og_type":"article","og_title":"Drapeau Lesbien 7 bandes (90x150cm)","og_description":"D\u00e9couvrez le Drapeau Lesbien 7 Bandes, symbole vibrant de la communaut\u00e9 lesbienne. Fabriqu\u00e9 en polyester durable avec des couleurs \u00e9clatantes","og_url":"https:\/\/drapeaux-lesbienne.fr\/it\/prodotto\/drapeau-lesbien-7-bandes\/","og_site_name":"Drapeau Lesbienne","article_modified_time":"2026-04-16T05:19:58+00:00","og_image":[{"width":932,"height":928,"url":"http:\/\/drapeaux-lesbienne.fr\/wp-content\/uploads\/2024\/07\/63.jpg","type":"image\/jpeg"}],"twitter_card":"summary_large_image","twitter_misc":{"Tempo di lettura stimato":"1 minuto"},"schema":{"@context":"https:\/\/schema.org","@graph":[{"@type":"WebPage","@id":"https:\/\/drapeaux-lesbienne.fr\/produit\/drapeau-lesbien-7-bandes\/","url":"https:\/\/drapeaux-lesbienne.fr\/produit\/drapeau-lesbien-7-bandes\/","name":"Bandiera lesbica 7 strisce (90x150cm)","isPartOf":{"@id":"https:\/\/drapeaux-lesbienne.fr\/#website"},"primaryImageOfPage":{"@id":"https:\/\/drapeaux-lesbienne.fr\/produit\/drapeau-lesbien-7-bandes\/#primaryimage"},"image":{"@id":"https:\/\/drapeaux-lesbienne.fr\/produit\/drapeau-lesbien-7-bandes\/#primaryimage"},"thumbnailUrl":"https:\/\/i0.wp.com\/drapeaux-lesbienne.fr\/wp-content\/uploads\/2024\/07\/63.jpg?fit=932%2C928&ssl=1","datePublished":"2024-07-01T13:41:54+00:00","dateModified":"2026-04-16T05:19:58+00:00","description":"D\u00e9couvrez le Drapeau Lesbien 7 Bandes, symbole vibrant de la communaut\u00e9 lesbienne. Fabriqu\u00e9 en polyester durable avec des couleurs \u00e9clatantes","breadcrumb":{"@id":"https:\/\/drapeaux-lesbienne.fr\/produit\/drapeau-lesbien-7-bandes\/#breadcrumb"},"inLanguage":"it-IT","potentialAction":[{"@type":"ReadAction","target":["https:\/\/drapeaux-lesbienne.fr\/produit\/drapeau-lesbien-7-bandes\/"]}]},{"@type":"ImageObject","inLanguage":"it-IT","@id":"https:\/\/drapeaux-lesbienne.fr\/produit\/drapeau-lesbien-7-bandes\/#primaryimage","url":"https:\/\/i0.wp.com\/drapeaux-lesbienne.fr\/wp-content\/uploads\/2024\/07\/63.jpg?fit=932%2C928&ssl=1","contentUrl":"https:\/\/i0.wp.com\/drapeaux-lesbienne.fr\/wp-content\/uploads\/2024\/07\/63.jpg?fit=932%2C928&ssl=1","width":932,"height":928,"caption":"Drapeau Lesbien 7 bandes"},{"@type":"BreadcrumbList","@id":"https:\/\/drapeaux-lesbienne.fr\/produit\/drapeau-lesbien-7-bandes\/#breadcrumb","itemListElement":[{"@type":"ListItem","position":1,"name":"Accueil","item":"https:\/\/drapeaux-lesbienne.fr\/"},{"@type":"ListItem","position":2,"name":"Boutique","item":"https:\/\/drapeaux-lesbienne.fr\/boutique\/"},{"@type":"ListItem","position":3,"name":"Drapeau Lesbien 7 bandes (90x150cm)"}]},{"@type":"WebSite","@id":"https:\/\/drapeaux-lesbienne.fr\/#website","url":"https:\/\/drapeaux-lesbienne.fr\/","name":"Bandiere Lesbiche","description":"D\u00e9couvrir les Drapeaux Lesbienne","publisher":{"@id":"https:\/\/drapeaux-lesbienne.fr\/#organization"},"potentialAction":[{"@type":"SearchAction","target":{"@type":"EntryPoint","urlTemplate":"https:\/\/drapeaux-lesbienne.fr\/?s={search_term_string}"},"query-input":{"@type":"PropertyValueSpecification","valueRequired":true,"valueName":"search_term_string"}}],"inLanguage":"it-IT"},{"@type":"Organization","@id":"https:\/\/drapeaux-lesbienne.fr\/#organization","name":"Bandiere Lesbiche","url":"https:\/\/drapeaux-lesbienne.fr\/","logo":{"@type":"ImageObject","inLanguage":"it-IT","@id":"https:\/\/drapeaux-lesbienne.fr\/#\/schema\/logo\/image\/","url":"https:\/\/i0.wp.com\/drapeaux-lesbienne.fr\/wp-content\/uploads\/2024\/06\/drapeaux-lesbienne-icon.jpg?fit=512%2C512&ssl=1","contentUrl":"https:\/\/i0.wp.com\/drapeaux-lesbienne.fr\/wp-content\/uploads\/2024\/06\/drapeaux-lesbienne-icon.jpg?fit=512%2C512&ssl=1","width":512,"height":512,"caption":"Drapeaux Lesbienne"},"image":{"@id":"https:\/\/drapeaux-lesbienne.fr\/#\/schema\/logo\/image\/"}}]}},"jetpack_sharing_enabled":true,"_links":{"self":[{"href":"https:\/\/drapeaux-lesbienne.fr\/it\/wp-json\/wp\/v2\/product\/161","targetHints":{"allow":["GET"]}}],"collection":[{"href":"https:\/\/drapeaux-lesbienne.fr\/it\/wp-json\/wp\/v2\/product"}],"about":[{"href":"https:\/\/drapeaux-lesbienne.fr\/it\/wp-json\/wp\/v2\/types\/product"}],"replies":[{"embeddable":true,"href":"https:\/\/drapeaux-lesbienne.fr\/it\/wp-json\/wp\/v2\/comments?post=161"}],"wp:featuredmedia":[{"embeddable":true,"href":"https:\/\/drapeaux-lesbienne.fr\/it\/wp-json\/wp\/v2\/media\/172"}],"wp:attachment":[{"href":"https:\/\/drapeaux-lesbienne.fr\/it\/wp-json\/wp\/v2\/media?parent=161"}],"wp:term":[{"taxonomy":"product_brand","embeddable":true,"href":"https:\/\/drapeaux-lesbienne.fr\/it\/wp-json\/wp\/v2\/product_brand?post=161"},{"taxonomy":"product_cat","embeddable":true,"href":"https:\/\/drapeaux-lesbienne.fr\/it\/wp-json\/wp\/v2\/product_cat?post=161"},{"taxonomy":"product_tag","embeddable":true,"href":"https:\/\/drapeaux-lesbienne.fr\/it\/wp-json\/wp\/v2\/product_tag?post=161"}],"curies":[{"name":"wp","href":"https:\/\/api.w.org\/{rel}","templated":true}]}}