{"id":2016,"date":"2025-05-01T17:12:28","date_gmt":"2025-05-01T15:12:28","guid":{"rendered":"https:\/\/drapeaux-lesbienne.fr\/?post_type=product&#038;p=2016"},"modified":"2025-05-01T17:12:29","modified_gmt":"2025-05-01T15:12:29","slug":"bracelet-medaille-drapeau-lesbien","status":"publish","type":"product","link":"https:\/\/drapeaux-lesbienne.fr\/it\/prodotto\/bracelet-medaille-drapeau-lesbien\/","title":{"rendered":"Bracelet M\u00e9daille Drapeau Lesbien"},"content":{"rendered":"<h3 class=\"\" data-start=\"1386\" data-end=\"1459\">Bracelet M\u00e9daille Drapeau Lesbien \u2013 Portez vos couleurs avec fiert\u00e9<\/h3>\n<p class=\"\" data-start=\"1461\" data-end=\"1695\">Le <strong data-start=\"1464\" data-end=\"1501\">bracelet m\u00e9daille drapeau lesbien<\/strong> est un bijou pens\u00e9 pour celles qui souhaitent porter un message d&rsquo;identit\u00e9, de fiert\u00e9 et de visibilit\u00e9 LGBTQ+ sans renoncer \u00e0 l\u2019\u00e9l\u00e9gance. Ce bracelet m\u00eale symbolique forte et design intemporel.<\/p>\n<h3 class=\"\" data-start=\"1697\" data-end=\"1722\">\ud83d\udd0d D\u00e9tails du produit : Bracelet M\u00e9daille Drapeau Lesbien<\/h3>\n<ul data-start=\"1724\" data-end=\"2010\">\n<li class=\"\" data-start=\"1724\" data-end=\"1812\">\n<p class=\"\" data-start=\"1726\" data-end=\"1812\"><strong data-start=\"1726\" data-end=\"1747\">M\u00e9daille centrale<\/strong> : verre bomb\u00e9 avec impression haute qualit\u00e9 du drapeau lesbien<\/p>\n<\/li>\n<li class=\"\" data-start=\"1813\" data-end=\"1861\">\n<p class=\"\" data-start=\"1815\" data-end=\"1861\"><strong data-start=\"1815\" data-end=\"1827\">Mat\u00e9riau<\/strong> : alliage de zinc plaqu\u00e9 argent<\/p>\n<\/li>\n<li class=\"\" data-start=\"1862\" data-end=\"1922\">\n<p class=\"\" data-start=\"1864\" data-end=\"1922\"><strong data-start=\"1864\" data-end=\"1874\">Taille<\/strong> : ajustable gr\u00e2ce \u00e0 une cha\u00eenette de rallonge<\/p>\n<\/li>\n<li class=\"\" data-start=\"1923\" data-end=\"1960\">\n<p class=\"\" data-start=\"1925\" data-end=\"1960\"><strong data-start=\"1925\" data-end=\"1936\">Fermoir<\/strong> : mousqueton s\u00e9curis\u00e9<\/p>\n<\/li>\n<li class=\"\" data-start=\"1961\" data-end=\"2010\">\n<p class=\"\" data-start=\"1963\" data-end=\"2010\"><strong data-start=\"1963\" data-end=\"1972\">Poids<\/strong> : l\u00e9ger, con\u00e7u pour un port quotidien<\/p>\n<\/li>\n<\/ul>\n<p class=\"\" data-start=\"2012\" data-end=\"2237\">Les bandes de couleur du drapeau lesbien \u2013 rouge, orange, blanc, rose et fuchsia \u2013 sont parfaitement mises en valeur par la m\u00e9daille circulaire brillante. Ce bracelet s\u2019accorde aussi bien avec un look casual que plus habill\u00e9.<\/p>\n<h3 class=\"\" data-start=\"2239\" data-end=\"2276\">\ud83c\udf08 Pour s\u2019exprimer avec subtilit\u00e9<\/h3>\n<p class=\"\" data-start=\"2278\" data-end=\"2515\">Portez ce bracelet lors des Marches des Fiert\u00e9s, au quotidien, ou pour les moments importants de votre vie. Il vous accompagne en toute l\u00e9g\u00e8ret\u00e9, tout en affichant clairement votre appartenance ou votre soutien \u00e0 la communaut\u00e9 lesbienne.<\/p>\n<h3 class=\"\" data-start=\"2517\" data-end=\"2541\">\ud83c\udf81 Le cadeau parfait<\/h3>\n<p class=\"\" data-start=\"2543\" data-end=\"2764\">Ce bijou est aussi une excellente id\u00e9e de <strong data-start=\"2585\" data-end=\"2600\">cadeau LGBT<\/strong> : attentionn\u00e9, symbolique, inclusif. Il peut marquer un coming out, un anniversaire, une d\u00e9claration ou tout simplement une envie d\u2019afficher sa fiert\u00e9 avec classe.<\/p>\n<p class=\"\" data-start=\"2766\" data-end=\"2832\">Un accessoire simple, beau et engag\u00e9 \u00e0 ajouter \u00e0 votre collection.<\/p>","protected":false},"excerpt":{"rendered":"<h3 class=\"\" data-start=\"280\" data-end=\"346\">Bracelet M\u00e9daille Drapeau Lesbien \u2013 \u00c9l\u00e9gant et Significatif<\/h3>\n<p class=\"\" data-start=\"348\" data-end=\"550\">Affichez votre fiert\u00e9 avec style gr\u00e2ce \u00e0 ce <strong data-start=\"392\" data-end=\"429\">bracelet m\u00e9daille drapeau lesbien<\/strong>. Sobre, raffin\u00e9 et charg\u00e9 de sens, ce bijou discret est un accessoire parfait pour exprimer votre identit\u00e9 au quotidien.<\/p>\n<h3 class=\"\" data-start=\"552\" data-end=\"592\">\ud83d\udc96 Un symbole fort, un design soign\u00e9<\/h3>\n<p class=\"\" data-start=\"594\" data-end=\"861\">Ce bracelet se compose d\u2019un cercle central brillant repr\u00e9sentant le <strong data-start=\"662\" data-end=\"681\">drapeau lesbien<\/strong> avec ses bandes allant du rouge fonc\u00e9 au rose clair, surmont\u00e9es de blanc. Une cha\u00eene ajustable en m\u00e9tal argent\u00e9 compl\u00e8te l\u2019ensemble, pour un rendu \u00e0 la fois moderne et intemporel.<\/p>\n<h3 class=\"\" data-start=\"863\" data-end=\"891\">\ud83d\udccf Confort et ajustement<\/h3>\n<p class=\"\" data-start=\"893\" data-end=\"1078\">Gr\u00e2ce \u00e0 sa cha\u00eene r\u00e9glable et son fermoir s\u00e9curis\u00e9, ce bracelet convient \u00e0 tous les poignets. L\u00e9ger et agr\u00e9able \u00e0 porter, il s\u2019adapte \u00e0 votre style personnel avec subtilit\u00e9 et \u00e9l\u00e9gance.<\/p>\n<h3 class=\"\" data-start=\"1080\" data-end=\"1112\">\ud83c\udf81 Une id\u00e9e cadeau inclusive<\/h3>\n<p class=\"\" data-start=\"1114\" data-end=\"1322\">Ce <strong data-start=\"1117\" data-end=\"1145\">bracelet drapeau lesbien<\/strong> est une excellente id\u00e9e de cadeau pour une amie, une partenaire ou pour soi-m\u00eame. C\u2019est un bijou simple mais fort, parfait pour une Pride, un coming out ou un geste de soutien.<\/p>","protected":false},"featured_media":2024,"comment_status":"open","ping_status":"closed","template":"","meta":{"neve_meta_sidebar":"","neve_meta_container":"","neve_meta_enable_content_width":"off","neve_meta_content_width":100,"neve_meta_title_alignment":"","neve_meta_author_avatar":"","neve_post_elements_order":"","neve_meta_disable_header":"","neve_meta_disable_footer":"","neve_meta_disable_title":""},"product_brand":[],"product_cat":[39],"product_tag":[],"class_list":{"0":"post-2016","1":"product","2":"type-product","3":"status-publish","4":"has-post-thumbnail","6":"product_cat-bijoux-lesbienne","8":"first","9":"instock","10":"shipping-taxable","11":"purchasable","12":"product-type-simple"},"yoast_head":"<!-- This site is optimized with the Yoast SEO plugin v26.8 - https:\/\/yoast.com\/product\/yoast-seo-wordpress\/ -->\n<title>Bracelet M\u00e9daille Drapeau Lesbien<\/title>\n<meta name=\"description\" content=\"Bracelet M\u00e9daille Drapeau Lesbien : un bijou \u00e9l\u00e9gant et symbolique pour afficher fi\u00e8rement votre identit\u00e9 ou offrir un message d\u2019amour et de fiert\u00e9.\" \/>\n<meta name=\"robots\" content=\"index, follow, max-snippet:-1, max-image-preview:large, max-video-preview:-1\" \/>\n<link rel=\"canonical\" href=\"https:\/\/drapeaux-lesbienne.fr\/it\/prodotto\/bracelet-medaille-drapeau-lesbien\/\" \/>\n<meta property=\"og:locale\" content=\"it_IT\" \/>\n<meta property=\"og:type\" content=\"article\" \/>\n<meta property=\"og:title\" content=\"Bracelet M\u00e9daille Drapeau Lesbien\" \/>\n<meta property=\"og:description\" content=\"Bracelet M\u00e9daille Drapeau Lesbien : un bijou \u00e9l\u00e9gant et symbolique pour afficher fi\u00e8rement votre identit\u00e9 ou offrir un message d\u2019amour et de fiert\u00e9.\" \/>\n<meta property=\"og:url\" content=\"https:\/\/drapeaux-lesbienne.fr\/it\/prodotto\/bracelet-medaille-drapeau-lesbien\/\" \/>\n<meta property=\"og:site_name\" content=\"Drapeau Lesbienne\" \/>\n<meta property=\"article:modified_time\" content=\"2025-05-01T15:12:29+00:00\" \/>\n<meta property=\"og:image\" content=\"http:\/\/drapeaux-lesbienne.fr\/wp-content\/uploads\/2025\/05\/Bracelet-Medaille-Drapeau-Lesbien.webp\" \/>\n\t<meta property=\"og:image:width\" content=\"768\" \/>\n\t<meta property=\"og:image:height\" content=\"768\" \/>\n\t<meta property=\"og:image:type\" content=\"image\/webp\" \/>\n<meta name=\"twitter:card\" content=\"summary_large_image\" \/>\n<meta name=\"twitter:label1\" content=\"Tempo di lettura stimato\" \/>\n\t<meta name=\"twitter:data1\" content=\"2 minuti\" \/>\n<script type=\"application\/ld+json\" class=\"yoast-schema-graph\">{\"@context\":\"https:\/\/schema.org\",\"@graph\":[{\"@type\":\"WebPage\",\"@id\":\"https:\/\/drapeaux-lesbienne.fr\/produit\/bracelet-medaille-drapeau-lesbien\/\",\"url\":\"https:\/\/drapeaux-lesbienne.fr\/produit\/bracelet-medaille-drapeau-lesbien\/\",\"name\":\"Bracelet M\u00e9daille Drapeau Lesbien\",\"isPartOf\":{\"@id\":\"https:\/\/drapeaux-lesbienne.fr\/#website\"},\"primaryImageOfPage\":{\"@id\":\"https:\/\/drapeaux-lesbienne.fr\/produit\/bracelet-medaille-drapeau-lesbien\/#primaryimage\"},\"image\":{\"@id\":\"https:\/\/drapeaux-lesbienne.fr\/produit\/bracelet-medaille-drapeau-lesbien\/#primaryimage\"},\"thumbnailUrl\":\"https:\/\/i0.wp.com\/drapeaux-lesbienne.fr\/wp-content\/uploads\/2025\/05\/Bracelet-Medaille-Drapeau-Lesbien.webp?fit=768%2C768&ssl=1\",\"datePublished\":\"2025-05-01T15:12:28+00:00\",\"dateModified\":\"2025-05-01T15:12:29+00:00\",\"description\":\"Bracelet M\u00e9daille Drapeau Lesbien : un bijou \u00e9l\u00e9gant et symbolique pour afficher fi\u00e8rement votre identit\u00e9 ou offrir un message d\u2019amour et de fiert\u00e9.\",\"breadcrumb\":{\"@id\":\"https:\/\/drapeaux-lesbienne.fr\/produit\/bracelet-medaille-drapeau-lesbien\/#breadcrumb\"},\"inLanguage\":\"it-IT\",\"potentialAction\":[{\"@type\":\"ReadAction\",\"target\":[\"https:\/\/drapeaux-lesbienne.fr\/produit\/bracelet-medaille-drapeau-lesbien\/\"]}]},{\"@type\":\"ImageObject\",\"inLanguage\":\"it-IT\",\"@id\":\"https:\/\/drapeaux-lesbienne.fr\/produit\/bracelet-medaille-drapeau-lesbien\/#primaryimage\",\"url\":\"https:\/\/i0.wp.com\/drapeaux-lesbienne.fr\/wp-content\/uploads\/2025\/05\/Bracelet-Medaille-Drapeau-Lesbien.webp?fit=768%2C768&ssl=1\",\"contentUrl\":\"https:\/\/i0.wp.com\/drapeaux-lesbienne.fr\/wp-content\/uploads\/2025\/05\/Bracelet-Medaille-Drapeau-Lesbien.webp?fit=768%2C768&ssl=1\",\"width\":768,\"height\":768,\"caption\":\"Bracelet M\u00e9daille Drapeau Lesbien\"},{\"@type\":\"BreadcrumbList\",\"@id\":\"https:\/\/drapeaux-lesbienne.fr\/produit\/bracelet-medaille-drapeau-lesbien\/#breadcrumb\",\"itemListElement\":[{\"@type\":\"ListItem\",\"position\":1,\"name\":\"Accueil\",\"item\":\"https:\/\/drapeaux-lesbienne.fr\/\"},{\"@type\":\"ListItem\",\"position\":2,\"name\":\"Boutique\",\"item\":\"https:\/\/drapeaux-lesbienne.fr\/boutique\/\"},{\"@type\":\"ListItem\",\"position\":3,\"name\":\"Bracelet M\u00e9daille Drapeau Lesbien\"}]},{\"@type\":\"WebSite\",\"@id\":\"https:\/\/drapeaux-lesbienne.fr\/#website\",\"url\":\"https:\/\/drapeaux-lesbienne.fr\/\",\"name\":\"Drapeaux Lesbienne\",\"description\":\"D\u00e9couvrir les Drapeaux Lesbienne\",\"publisher\":{\"@id\":\"https:\/\/drapeaux-lesbienne.fr\/#organization\"},\"potentialAction\":[{\"@type\":\"SearchAction\",\"target\":{\"@type\":\"EntryPoint\",\"urlTemplate\":\"https:\/\/drapeaux-lesbienne.fr\/?s={search_term_string}\"},\"query-input\":{\"@type\":\"PropertyValueSpecification\",\"valueRequired\":true,\"valueName\":\"search_term_string\"}}],\"inLanguage\":\"it-IT\"},{\"@type\":\"Organization\",\"@id\":\"https:\/\/drapeaux-lesbienne.fr\/#organization\",\"name\":\"Drapeaux Lesbienne\",\"url\":\"https:\/\/drapeaux-lesbienne.fr\/\",\"logo\":{\"@type\":\"ImageObject\",\"inLanguage\":\"it-IT\",\"@id\":\"https:\/\/drapeaux-lesbienne.fr\/#\/schema\/logo\/image\/\",\"url\":\"https:\/\/i0.wp.com\/drapeaux-lesbienne.fr\/wp-content\/uploads\/2024\/06\/drapeaux-lesbienne-icon.jpg?fit=512%2C512&ssl=1\",\"contentUrl\":\"https:\/\/i0.wp.com\/drapeaux-lesbienne.fr\/wp-content\/uploads\/2024\/06\/drapeaux-lesbienne-icon.jpg?fit=512%2C512&ssl=1\",\"width\":512,\"height\":512,\"caption\":\"Drapeaux Lesbienne\"},\"image\":{\"@id\":\"https:\/\/drapeaux-lesbienne.fr\/#\/schema\/logo\/image\/\"}}]}<\/script>\n<!-- \/ Yoast SEO plugin. -->","yoast_head_json":{"title":"Bracelet M\u00e9daille Drapeau Lesbien","description":"Bracelet M\u00e9daille Drapeau Lesbien : un bijou \u00e9l\u00e9gant et symbolique pour afficher fi\u00e8rement votre identit\u00e9 ou offrir un message d\u2019amour et de fiert\u00e9.","robots":{"index":"index","follow":"follow","max-snippet":"max-snippet:-1","max-image-preview":"max-image-preview:large","max-video-preview":"max-video-preview:-1"},"canonical":"https:\/\/drapeaux-lesbienne.fr\/it\/prodotto\/bracelet-medaille-drapeau-lesbien\/","og_locale":"it_IT","og_type":"article","og_title":"Bracelet M\u00e9daille Drapeau Lesbien","og_description":"Bracelet M\u00e9daille Drapeau Lesbien : un bijou \u00e9l\u00e9gant et symbolique pour afficher fi\u00e8rement votre identit\u00e9 ou offrir un message d\u2019amour et de fiert\u00e9.","og_url":"https:\/\/drapeaux-lesbienne.fr\/it\/prodotto\/bracelet-medaille-drapeau-lesbien\/","og_site_name":"Drapeau Lesbienne","article_modified_time":"2025-05-01T15:12:29+00:00","og_image":[{"width":768,"height":768,"url":"http:\/\/drapeaux-lesbienne.fr\/wp-content\/uploads\/2025\/05\/Bracelet-Medaille-Drapeau-Lesbien.webp","type":"image\/webp"}],"twitter_card":"summary_large_image","twitter_misc":{"Tempo di lettura stimato":"2 minuti"},"schema":{"@context":"https:\/\/schema.org","@graph":[{"@type":"WebPage","@id":"https:\/\/drapeaux-lesbienne.fr\/produit\/bracelet-medaille-drapeau-lesbien\/","url":"https:\/\/drapeaux-lesbienne.fr\/produit\/bracelet-medaille-drapeau-lesbien\/","name":"Bracelet M\u00e9daille Drapeau Lesbien","isPartOf":{"@id":"https:\/\/drapeaux-lesbienne.fr\/#website"},"primaryImageOfPage":{"@id":"https:\/\/drapeaux-lesbienne.fr\/produit\/bracelet-medaille-drapeau-lesbien\/#primaryimage"},"image":{"@id":"https:\/\/drapeaux-lesbienne.fr\/produit\/bracelet-medaille-drapeau-lesbien\/#primaryimage"},"thumbnailUrl":"https:\/\/i0.wp.com\/drapeaux-lesbienne.fr\/wp-content\/uploads\/2025\/05\/Bracelet-Medaille-Drapeau-Lesbien.webp?fit=768%2C768&ssl=1","datePublished":"2025-05-01T15:12:28+00:00","dateModified":"2025-05-01T15:12:29+00:00","description":"Bracelet M\u00e9daille Drapeau Lesbien : un bijou \u00e9l\u00e9gant et symbolique pour afficher fi\u00e8rement votre identit\u00e9 ou offrir un message d\u2019amour et de fiert\u00e9.","breadcrumb":{"@id":"https:\/\/drapeaux-lesbienne.fr\/produit\/bracelet-medaille-drapeau-lesbien\/#breadcrumb"},"inLanguage":"it-IT","potentialAction":[{"@type":"ReadAction","target":["https:\/\/drapeaux-lesbienne.fr\/produit\/bracelet-medaille-drapeau-lesbien\/"]}]},{"@type":"ImageObject","inLanguage":"it-IT","@id":"https:\/\/drapeaux-lesbienne.fr\/produit\/bracelet-medaille-drapeau-lesbien\/#primaryimage","url":"https:\/\/i0.wp.com\/drapeaux-lesbienne.fr\/wp-content\/uploads\/2025\/05\/Bracelet-Medaille-Drapeau-Lesbien.webp?fit=768%2C768&ssl=1","contentUrl":"https:\/\/i0.wp.com\/drapeaux-lesbienne.fr\/wp-content\/uploads\/2025\/05\/Bracelet-Medaille-Drapeau-Lesbien.webp?fit=768%2C768&ssl=1","width":768,"height":768,"caption":"Bracelet M\u00e9daille Drapeau Lesbien"},{"@type":"BreadcrumbList","@id":"https:\/\/drapeaux-lesbienne.fr\/produit\/bracelet-medaille-drapeau-lesbien\/#breadcrumb","itemListElement":[{"@type":"ListItem","position":1,"name":"Accueil","item":"https:\/\/drapeaux-lesbienne.fr\/"},{"@type":"ListItem","position":2,"name":"Boutique","item":"https:\/\/drapeaux-lesbienne.fr\/boutique\/"},{"@type":"ListItem","position":3,"name":"Bracelet M\u00e9daille Drapeau Lesbien"}]},{"@type":"WebSite","@id":"https:\/\/drapeaux-lesbienne.fr\/#website","url":"https:\/\/drapeaux-lesbienne.fr\/","name":"Bandiere Lesbiche","description":"D\u00e9couvrir les Drapeaux Lesbienne","publisher":{"@id":"https:\/\/drapeaux-lesbienne.fr\/#organization"},"potentialAction":[{"@type":"SearchAction","target":{"@type":"EntryPoint","urlTemplate":"https:\/\/drapeaux-lesbienne.fr\/?s={search_term_string}"},"query-input":{"@type":"PropertyValueSpecification","valueRequired":true,"valueName":"search_term_string"}}],"inLanguage":"it-IT"},{"@type":"Organization","@id":"https:\/\/drapeaux-lesbienne.fr\/#organization","name":"Bandiere Lesbiche","url":"https:\/\/drapeaux-lesbienne.fr\/","logo":{"@type":"ImageObject","inLanguage":"it-IT","@id":"https:\/\/drapeaux-lesbienne.fr\/#\/schema\/logo\/image\/","url":"https:\/\/i0.wp.com\/drapeaux-lesbienne.fr\/wp-content\/uploads\/2024\/06\/drapeaux-lesbienne-icon.jpg?fit=512%2C512&ssl=1","contentUrl":"https:\/\/i0.wp.com\/drapeaux-lesbienne.fr\/wp-content\/uploads\/2024\/06\/drapeaux-lesbienne-icon.jpg?fit=512%2C512&ssl=1","width":512,"height":512,"caption":"Drapeaux Lesbienne"},"image":{"@id":"https:\/\/drapeaux-lesbienne.fr\/#\/schema\/logo\/image\/"}}]}},"jetpack_sharing_enabled":true,"_links":{"self":[{"href":"https:\/\/drapeaux-lesbienne.fr\/it\/wp-json\/wp\/v2\/product\/2016","targetHints":{"allow":["GET"]}}],"collection":[{"href":"https:\/\/drapeaux-lesbienne.fr\/it\/wp-json\/wp\/v2\/product"}],"about":[{"href":"https:\/\/drapeaux-lesbienne.fr\/it\/wp-json\/wp\/v2\/types\/product"}],"replies":[{"embeddable":true,"href":"https:\/\/drapeaux-lesbienne.fr\/it\/wp-json\/wp\/v2\/comments?post=2016"}],"wp:featuredmedia":[{"embeddable":true,"href":"https:\/\/drapeaux-lesbienne.fr\/it\/wp-json\/wp\/v2\/media\/2024"}],"wp:attachment":[{"href":"https:\/\/drapeaux-lesbienne.fr\/it\/wp-json\/wp\/v2\/media?parent=2016"}],"wp:term":[{"taxonomy":"product_brand","embeddable":true,"href":"https:\/\/drapeaux-lesbienne.fr\/it\/wp-json\/wp\/v2\/product_brand?post=2016"},{"taxonomy":"product_cat","embeddable":true,"href":"https:\/\/drapeaux-lesbienne.fr\/it\/wp-json\/wp\/v2\/product_cat?post=2016"},{"taxonomy":"product_tag","embeddable":true,"href":"https:\/\/drapeaux-lesbienne.fr\/it\/wp-json\/wp\/v2\/product_tag?post=2016"}],"curies":[{"name":"wp","href":"https:\/\/api.w.org\/{rel}","templated":true}]}}