{"id":273,"date":"2024-07-05T13:40:32","date_gmt":"2024-07-05T11:40:32","guid":{"rendered":"https:\/\/drapeaux-lesbienne.fr\/produit\/t-shirt-lesbienne-kissing-girls-and-i-like-it\/"},"modified":"2026-04-16T17:30:53","modified_gmt":"2026-04-16T15:30:53","slug":"t-shirt-lesbienne-kissing-girls-and-i-like-it","status":"publish","type":"product","link":"https:\/\/drapeaux-lesbienne.fr\/it\/prodotto\/t-shirt-lesbienne-kissing-girls-and-i-like-it\/","title":{"rendered":"T Shirt Lesbienne Baciare le ragazze e mi piace"},"content":{"rendered":"<p><strong>T Shirt Lesbienne Baciare le ragazze e mi piace<\/strong><\/p>\n<p><b>Informazioni sul prodotto : <\/b><\/p>\n<p>Colore nero<\/p>\n<p>Taille\u00a0:\u00a0S,\u00a0M,\u00a0L,\u00a0XL,\u00a0XXL,\u00a0XXXL.<\/p>\n<p>Composizione del tessuto principale: fibra di poliestere (poliestere)<\/p>\n<p>Lunghezza delle maniche: maniche corte<\/p>\n<p><b><\/p>\n<p><\/b><\/p>\n<p><b>Taglie :\u00a0<\/b><\/p>\n<div><img data-recalc-dims=\"1\" decoding=\"async\" src=\"https:\/\/i0.wp.com\/cf.cjdropshipping.com\/17173728\/2406030545470322600.jpg?w=1200&#038;ssl=1\" \/><\/div>\n<div><img data-recalc-dims=\"1\" decoding=\"async\" src=\"https:\/\/i0.wp.com\/cf.cjdropshipping.com\/17173728\/2406030545470326800.jpg?w=1200&#038;ssl=1\" \/><br \/>\n<img data-recalc-dims=\"1\" decoding=\"async\" src=\"https:\/\/i0.wp.com\/cf.cjdropshipping.com\/17173728\/2406030545470328900.jpg?w=1200&#038;ssl=1\" \/><\/p>\n<\/div>\n<p>&nbsp;<\/p>","protected":false},"excerpt":{"rendered":"<p>Mostrate con orgoglio la vostra identit\u00e0 con la nostra t-shirt lesbica \u201cKissing Girls And I Like It\u201d. Questa t-shirt nera presenta un design audace con la scritta \u201cKissing Girls Since Forever &amp; I Like It\u201d accompagnata da un cuore nei colori della bandiera lesbica. Progettata per garantire un comfort ottimale, questa t-shirt \u00e8 realizzata in cotone di alta qualit\u00e0, che assicura morbidezza e durata. Perfetta per gli eventi LGBTQ+, le marce dell'Orgoglio o semplicemente per un abbigliamento casual di tutti i giorni. Mostrate il vostro sostegno alla comunit\u00e0 lesbica e affermate il vostro stile unico con questa t-shirt imperdibile!<\/p>\n<ul>\n<li><strong>Couleur :<\/strong> Nero<\/li>\n<li><strong>Tailles disponibles :<\/strong> S, M, L, XL, XXL<\/li>\n<li><strong>Entretien :<\/strong> Lavable en machine<\/li>\n<\/ul>","protected":false},"featured_media":268,"comment_status":"open","ping_status":"closed","template":"","meta":{"neve_meta_sidebar":"","neve_meta_container":"","neve_meta_enable_content_width":"off","neve_meta_content_width":100,"neve_meta_title_alignment":"","neve_meta_author_avatar":"","neve_post_elements_order":"","neve_meta_disable_header":"","neve_meta_disable_footer":"","neve_meta_disable_title":""},"product_brand":[],"product_cat":[22],"product_tag":[],"class_list":{"0":"post-273","1":"product","2":"type-product","3":"status-publish","4":"has-post-thumbnail","6":"product_cat-t-shirt-lesbienne","8":"first","9":"instock","10":"shipping-taxable","11":"purchasable","12":"product-type-variable"},"yoast_head":"<!-- This site is optimized with the Yoast SEO plugin v26.8 - https:\/\/yoast.com\/product\/yoast-seo-wordpress\/ -->\n<title>T Shirt Lesbienne Kissing Girls And I Like It<\/title>\n<meta name=\"description\" content=\"T-Shirt Lesbienne &quot;Kissing Girls And I Like It&quot; - Affichez votre fiert\u00e9 avec ce t-shirt en coton noir, parfait pour \u00e9v\u00e9nements LGBTQ+ et tenues d\u00e9contract\u00e9es.\" \/>\n<meta name=\"robots\" content=\"index, follow, max-snippet:-1, max-image-preview:large, max-video-preview:-1\" \/>\n<link rel=\"canonical\" href=\"https:\/\/drapeaux-lesbienne.fr\/it\/prodotto\/t-shirt-lesbienne-kissing-girls-and-i-like-it\/\" \/>\n<meta property=\"og:locale\" content=\"it_IT\" \/>\n<meta property=\"og:type\" content=\"article\" \/>\n<meta property=\"og:title\" content=\"T Shirt Lesbienne Kissing Girls And I Like It\" \/>\n<meta property=\"og:description\" content=\"T-Shirt Lesbienne &quot;Kissing Girls And I Like It&quot; - Affichez votre fiert\u00e9 avec ce t-shirt en coton noir, parfait pour \u00e9v\u00e9nements LGBTQ+ et tenues d\u00e9contract\u00e9es.\" \/>\n<meta property=\"og:url\" content=\"https:\/\/drapeaux-lesbienne.fr\/it\/prodotto\/t-shirt-lesbienne-kissing-girls-and-i-like-it\/\" \/>\n<meta property=\"og:site_name\" content=\"Drapeau Lesbienne\" \/>\n<meta property=\"article:modified_time\" content=\"2026-04-16T15:30:53+00:00\" \/>\n<meta property=\"og:image\" content=\"http:\/\/drapeaux-lesbienne.fr\/wp-content\/uploads\/2024\/07\/6b0bb07e-f10f-47a1-8eb8-e03c71666920.jpg\" \/>\n\t<meta property=\"og:image:width\" content=\"651\" \/>\n\t<meta property=\"og:image:height\" content=\"651\" \/>\n\t<meta property=\"og:image:type\" content=\"image\/jpeg\" \/>\n<meta name=\"twitter:card\" content=\"summary_large_image\" \/>\n<meta name=\"twitter:label1\" content=\"Tempo di lettura stimato\" \/>\n\t<meta name=\"twitter:data1\" content=\"1 minuto\" \/>\n<script type=\"application\/ld+json\" class=\"yoast-schema-graph\">{\"@context\":\"https:\/\/schema.org\",\"@graph\":[{\"@type\":\"WebPage\",\"@id\":\"https:\/\/drapeaux-lesbienne.fr\/produit\/t-shirt-lesbienne-kissing-girls-and-i-like-it\/\",\"url\":\"https:\/\/drapeaux-lesbienne.fr\/produit\/t-shirt-lesbienne-kissing-girls-and-i-like-it\/\",\"name\":\"T Shirt Lesbienne Kissing Girls And I Like It\",\"isPartOf\":{\"@id\":\"https:\/\/drapeaux-lesbienne.fr\/#website\"},\"primaryImageOfPage\":{\"@id\":\"https:\/\/drapeaux-lesbienne.fr\/produit\/t-shirt-lesbienne-kissing-girls-and-i-like-it\/#primaryimage\"},\"image\":{\"@id\":\"https:\/\/drapeaux-lesbienne.fr\/produit\/t-shirt-lesbienne-kissing-girls-and-i-like-it\/#primaryimage\"},\"thumbnailUrl\":\"https:\/\/i0.wp.com\/drapeaux-lesbienne.fr\/wp-content\/uploads\/2024\/07\/6b0bb07e-f10f-47a1-8eb8-e03c71666920.jpg?fit=651%2C651&ssl=1\",\"datePublished\":\"2024-07-05T11:40:32+00:00\",\"dateModified\":\"2026-04-16T15:30:53+00:00\",\"description\":\"T-Shirt Lesbienne \\\"Kissing Girls And I Like It\\\" - Affichez votre fiert\u00e9 avec ce t-shirt en coton noir, parfait pour \u00e9v\u00e9nements LGBTQ+ et tenues d\u00e9contract\u00e9es.\",\"breadcrumb\":{\"@id\":\"https:\/\/drapeaux-lesbienne.fr\/produit\/t-shirt-lesbienne-kissing-girls-and-i-like-it\/#breadcrumb\"},\"inLanguage\":\"it-IT\",\"potentialAction\":[{\"@type\":\"ReadAction\",\"target\":[\"https:\/\/drapeaux-lesbienne.fr\/produit\/t-shirt-lesbienne-kissing-girls-and-i-like-it\/\"]}]},{\"@type\":\"ImageObject\",\"inLanguage\":\"it-IT\",\"@id\":\"https:\/\/drapeaux-lesbienne.fr\/produit\/t-shirt-lesbienne-kissing-girls-and-i-like-it\/#primaryimage\",\"url\":\"https:\/\/i0.wp.com\/drapeaux-lesbienne.fr\/wp-content\/uploads\/2024\/07\/6b0bb07e-f10f-47a1-8eb8-e03c71666920.jpg?fit=651%2C651&ssl=1\",\"contentUrl\":\"https:\/\/i0.wp.com\/drapeaux-lesbienne.fr\/wp-content\/uploads\/2024\/07\/6b0bb07e-f10f-47a1-8eb8-e03c71666920.jpg?fit=651%2C651&ssl=1\",\"width\":651,\"height\":651},{\"@type\":\"BreadcrumbList\",\"@id\":\"https:\/\/drapeaux-lesbienne.fr\/produit\/t-shirt-lesbienne-kissing-girls-and-i-like-it\/#breadcrumb\",\"itemListElement\":[{\"@type\":\"ListItem\",\"position\":1,\"name\":\"Accueil\",\"item\":\"https:\/\/drapeaux-lesbienne.fr\/\"},{\"@type\":\"ListItem\",\"position\":2,\"name\":\"Boutique\",\"item\":\"https:\/\/drapeaux-lesbienne.fr\/boutique\/\"},{\"@type\":\"ListItem\",\"position\":3,\"name\":\"T Shirt Lesbienne Kissing Girls And I Like It\"}]},{\"@type\":\"WebSite\",\"@id\":\"https:\/\/drapeaux-lesbienne.fr\/#website\",\"url\":\"https:\/\/drapeaux-lesbienne.fr\/\",\"name\":\"Drapeaux Lesbienne\",\"description\":\"D\u00e9couvrir les Drapeaux Lesbienne\",\"publisher\":{\"@id\":\"https:\/\/drapeaux-lesbienne.fr\/#organization\"},\"potentialAction\":[{\"@type\":\"SearchAction\",\"target\":{\"@type\":\"EntryPoint\",\"urlTemplate\":\"https:\/\/drapeaux-lesbienne.fr\/?s={search_term_string}\"},\"query-input\":{\"@type\":\"PropertyValueSpecification\",\"valueRequired\":true,\"valueName\":\"search_term_string\"}}],\"inLanguage\":\"it-IT\"},{\"@type\":\"Organization\",\"@id\":\"https:\/\/drapeaux-lesbienne.fr\/#organization\",\"name\":\"Drapeaux Lesbienne\",\"url\":\"https:\/\/drapeaux-lesbienne.fr\/\",\"logo\":{\"@type\":\"ImageObject\",\"inLanguage\":\"it-IT\",\"@id\":\"https:\/\/drapeaux-lesbienne.fr\/#\/schema\/logo\/image\/\",\"url\":\"https:\/\/i0.wp.com\/drapeaux-lesbienne.fr\/wp-content\/uploads\/2024\/06\/drapeaux-lesbienne-icon.jpg?fit=512%2C512&ssl=1\",\"contentUrl\":\"https:\/\/i0.wp.com\/drapeaux-lesbienne.fr\/wp-content\/uploads\/2024\/06\/drapeaux-lesbienne-icon.jpg?fit=512%2C512&ssl=1\",\"width\":512,\"height\":512,\"caption\":\"Drapeaux Lesbienne\"},\"image\":{\"@id\":\"https:\/\/drapeaux-lesbienne.fr\/#\/schema\/logo\/image\/\"}}]}<\/script>\n<!-- \/ Yoast SEO plugin. -->","yoast_head_json":{"title":"T Shirt Lesbienne Baciare le ragazze e mi piace","description":"T-Shirt Lesbienne \"Kissing Girls And I Like It\" - Affichez votre fiert\u00e9 avec ce t-shirt en coton noir, parfait pour \u00e9v\u00e9nements LGBTQ+ et tenues d\u00e9contract\u00e9es.","robots":{"index":"index","follow":"follow","max-snippet":"max-snippet:-1","max-image-preview":"max-image-preview:large","max-video-preview":"max-video-preview:-1"},"canonical":"https:\/\/drapeaux-lesbienne.fr\/it\/prodotto\/t-shirt-lesbienne-kissing-girls-and-i-like-it\/","og_locale":"it_IT","og_type":"article","og_title":"T Shirt Lesbienne Kissing Girls And I Like It","og_description":"T-Shirt Lesbienne \"Kissing Girls And I Like It\" - Affichez votre fiert\u00e9 avec ce t-shirt en coton noir, parfait pour \u00e9v\u00e9nements LGBTQ+ et tenues d\u00e9contract\u00e9es.","og_url":"https:\/\/drapeaux-lesbienne.fr\/it\/prodotto\/t-shirt-lesbienne-kissing-girls-and-i-like-it\/","og_site_name":"Drapeau Lesbienne","article_modified_time":"2026-04-16T15:30:53+00:00","og_image":[{"width":651,"height":651,"url":"http:\/\/drapeaux-lesbienne.fr\/wp-content\/uploads\/2024\/07\/6b0bb07e-f10f-47a1-8eb8-e03c71666920.jpg","type":"image\/jpeg"}],"twitter_card":"summary_large_image","twitter_misc":{"Tempo di lettura stimato":"1 minuto"},"schema":{"@context":"https:\/\/schema.org","@graph":[{"@type":"WebPage","@id":"https:\/\/drapeaux-lesbienne.fr\/produit\/t-shirt-lesbienne-kissing-girls-and-i-like-it\/","url":"https:\/\/drapeaux-lesbienne.fr\/produit\/t-shirt-lesbienne-kissing-girls-and-i-like-it\/","name":"T Shirt Lesbienne Baciare le ragazze e mi piace","isPartOf":{"@id":"https:\/\/drapeaux-lesbienne.fr\/#website"},"primaryImageOfPage":{"@id":"https:\/\/drapeaux-lesbienne.fr\/produit\/t-shirt-lesbienne-kissing-girls-and-i-like-it\/#primaryimage"},"image":{"@id":"https:\/\/drapeaux-lesbienne.fr\/produit\/t-shirt-lesbienne-kissing-girls-and-i-like-it\/#primaryimage"},"thumbnailUrl":"https:\/\/i0.wp.com\/drapeaux-lesbienne.fr\/wp-content\/uploads\/2024\/07\/6b0bb07e-f10f-47a1-8eb8-e03c71666920.jpg?fit=651%2C651&ssl=1","datePublished":"2024-07-05T11:40:32+00:00","dateModified":"2026-04-16T15:30:53+00:00","description":"T-Shirt Lesbienne \"Kissing Girls And I Like It\" - Affichez votre fiert\u00e9 avec ce t-shirt en coton noir, parfait pour \u00e9v\u00e9nements LGBTQ+ et tenues d\u00e9contract\u00e9es.","breadcrumb":{"@id":"https:\/\/drapeaux-lesbienne.fr\/produit\/t-shirt-lesbienne-kissing-girls-and-i-like-it\/#breadcrumb"},"inLanguage":"it-IT","potentialAction":[{"@type":"ReadAction","target":["https:\/\/drapeaux-lesbienne.fr\/produit\/t-shirt-lesbienne-kissing-girls-and-i-like-it\/"]}]},{"@type":"ImageObject","inLanguage":"it-IT","@id":"https:\/\/drapeaux-lesbienne.fr\/produit\/t-shirt-lesbienne-kissing-girls-and-i-like-it\/#primaryimage","url":"https:\/\/i0.wp.com\/drapeaux-lesbienne.fr\/wp-content\/uploads\/2024\/07\/6b0bb07e-f10f-47a1-8eb8-e03c71666920.jpg?fit=651%2C651&ssl=1","contentUrl":"https:\/\/i0.wp.com\/drapeaux-lesbienne.fr\/wp-content\/uploads\/2024\/07\/6b0bb07e-f10f-47a1-8eb8-e03c71666920.jpg?fit=651%2C651&ssl=1","width":651,"height":651},{"@type":"BreadcrumbList","@id":"https:\/\/drapeaux-lesbienne.fr\/produit\/t-shirt-lesbienne-kissing-girls-and-i-like-it\/#breadcrumb","itemListElement":[{"@type":"ListItem","position":1,"name":"Accueil","item":"https:\/\/drapeaux-lesbienne.fr\/"},{"@type":"ListItem","position":2,"name":"Boutique","item":"https:\/\/drapeaux-lesbienne.fr\/boutique\/"},{"@type":"ListItem","position":3,"name":"T Shirt Lesbienne Kissing Girls And I Like It"}]},{"@type":"WebSite","@id":"https:\/\/drapeaux-lesbienne.fr\/#website","url":"https:\/\/drapeaux-lesbienne.fr\/","name":"Bandiere Lesbiche","description":"D\u00e9couvrir les Drapeaux Lesbienne","publisher":{"@id":"https:\/\/drapeaux-lesbienne.fr\/#organization"},"potentialAction":[{"@type":"SearchAction","target":{"@type":"EntryPoint","urlTemplate":"https:\/\/drapeaux-lesbienne.fr\/?s={search_term_string}"},"query-input":{"@type":"PropertyValueSpecification","valueRequired":true,"valueName":"search_term_string"}}],"inLanguage":"it-IT"},{"@type":"Organization","@id":"https:\/\/drapeaux-lesbienne.fr\/#organization","name":"Bandiere Lesbiche","url":"https:\/\/drapeaux-lesbienne.fr\/","logo":{"@type":"ImageObject","inLanguage":"it-IT","@id":"https:\/\/drapeaux-lesbienne.fr\/#\/schema\/logo\/image\/","url":"https:\/\/i0.wp.com\/drapeaux-lesbienne.fr\/wp-content\/uploads\/2024\/06\/drapeaux-lesbienne-icon.jpg?fit=512%2C512&ssl=1","contentUrl":"https:\/\/i0.wp.com\/drapeaux-lesbienne.fr\/wp-content\/uploads\/2024\/06\/drapeaux-lesbienne-icon.jpg?fit=512%2C512&ssl=1","width":512,"height":512,"caption":"Drapeaux Lesbienne"},"image":{"@id":"https:\/\/drapeaux-lesbienne.fr\/#\/schema\/logo\/image\/"}}]}},"jetpack_sharing_enabled":true,"_links":{"self":[{"href":"https:\/\/drapeaux-lesbienne.fr\/it\/wp-json\/wp\/v2\/product\/273","targetHints":{"allow":["GET"]}}],"collection":[{"href":"https:\/\/drapeaux-lesbienne.fr\/it\/wp-json\/wp\/v2\/product"}],"about":[{"href":"https:\/\/drapeaux-lesbienne.fr\/it\/wp-json\/wp\/v2\/types\/product"}],"replies":[{"embeddable":true,"href":"https:\/\/drapeaux-lesbienne.fr\/it\/wp-json\/wp\/v2\/comments?post=273"}],"wp:featuredmedia":[{"embeddable":true,"href":"https:\/\/drapeaux-lesbienne.fr\/it\/wp-json\/wp\/v2\/media\/268"}],"wp:attachment":[{"href":"https:\/\/drapeaux-lesbienne.fr\/it\/wp-json\/wp\/v2\/media?parent=273"}],"wp:term":[{"taxonomy":"product_brand","embeddable":true,"href":"https:\/\/drapeaux-lesbienne.fr\/it\/wp-json\/wp\/v2\/product_brand?post=273"},{"taxonomy":"product_cat","embeddable":true,"href":"https:\/\/drapeaux-lesbienne.fr\/it\/wp-json\/wp\/v2\/product_cat?post=273"},{"taxonomy":"product_tag","embeddable":true,"href":"https:\/\/drapeaux-lesbienne.fr\/it\/wp-json\/wp\/v2\/product_tag?post=273"}],"curies":[{"name":"wp","href":"https:\/\/api.w.org\/{rel}","templated":true}]}}