{"id":345,"date":"2024-07-05T16:07:58","date_gmt":"2024-07-05T14:07:58","guid":{"rendered":"https:\/\/drapeaux-lesbienne.fr\/produit\/t-shirt-love-my-girlfriend\/"},"modified":"2026-03-31T06:08:45","modified_gmt":"2026-03-31T04:08:45","slug":"t-shirt-love-my-girlfriend","status":"publish","type":"product","link":"https:\/\/drapeaux-lesbienne.fr\/it\/prodotto\/t-shirt-love-my-girlfriend\/","title":{"rendered":"Maglietta Love My Girlfriend"},"content":{"rendered":"<p><b>Informazioni sul prodotto : <\/b><\/p>\n<p>Size: S,M,L,XL,XXL,XXXL<\/p>\n<p>&nbsp;<\/p>\n<p>&nbsp;<\/p>\n<p><b>Taglie :<\/b><\/p>\n<p><img data-recalc-dims=\"1\" decoding=\"async\" src=\"https:\/\/i0.wp.com\/cf.cjdropshipping.com\/17097696\/2403070700060326700.jpg?w=1200&#038;ssl=1\" \/><\/p>\n<p>&nbsp;<\/p>","protected":false},"excerpt":{"rendered":"<p>Fate una dichiarazione audace sul vostro amore con la nostra t-shirt lesbica \u201cLove My Girlfriend\u201d. Questa t-shirt nera presenta una dichiarazione chiara e umoristica con la scritta \u201cI \u2764\ufe0f My Girlfriend So Please Stay Away From Me\u201d. Progettata per garantire comfort e durata, questa t-shirt \u00e8 realizzata in cotone di alta qualit\u00e0 e offre una consistenza morbida e indossabile. Perfetta per eventi LGBTQ+, per uscire con gli amici o per un abbigliamento casual, questa t-shirt \u00e8 ideale per mostrare con orgoglio il proprio amore e il proprio sostegno alla comunit\u00e0 lesbica.<\/p>","protected":false},"featured_media":782,"comment_status":"open","ping_status":"closed","template":"","meta":{"neve_meta_sidebar":"","neve_meta_container":"","neve_meta_enable_content_width":"off","neve_meta_content_width":100,"neve_meta_title_alignment":"","neve_meta_author_avatar":"","neve_post_elements_order":"","neve_meta_disable_header":"","neve_meta_disable_footer":"","neve_meta_disable_title":""},"product_brand":[],"product_cat":[22],"product_tag":[],"class_list":{"0":"post-345","1":"product","2":"type-product","3":"status-publish","4":"has-post-thumbnail","6":"product_cat-t-shirt-lesbienne","8":"first","9":"instock","10":"shipping-taxable","11":"purchasable","12":"product-type-variable"},"yoast_head":"<!-- This site is optimized with the Yoast SEO plugin v26.8 - https:\/\/yoast.com\/product\/yoast-seo-wordpress\/ -->\n<title>T Shirt Love My Girlfriend<\/title>\n<meta name=\"description\" content=\"T-Shirt Lesbienne &quot;Love My Girlfriend&quot; - Montrez votre amour avec ce t-shirt en coton noir. Inscription humoristique parfaite pour les \u00e9v\u00e9nements LGBTQ+ et tenues d\u00e9contract\u00e9es.\" \/>\n<meta name=\"robots\" content=\"index, follow, max-snippet:-1, max-image-preview:large, max-video-preview:-1\" \/>\n<link rel=\"canonical\" href=\"https:\/\/drapeaux-lesbienne.fr\/it\/prodotto\/t-shirt-love-my-girlfriend\/\" \/>\n<meta property=\"og:locale\" content=\"it_IT\" \/>\n<meta property=\"og:type\" content=\"article\" \/>\n<meta property=\"og:title\" content=\"T Shirt Love My Girlfriend\" \/>\n<meta property=\"og:description\" content=\"T-Shirt Lesbienne &quot;Love My Girlfriend&quot; - Montrez votre amour avec ce t-shirt en coton noir. Inscription humoristique parfaite pour les \u00e9v\u00e9nements LGBTQ+ et tenues d\u00e9contract\u00e9es.\" \/>\n<meta property=\"og:url\" content=\"https:\/\/drapeaux-lesbienne.fr\/it\/prodotto\/t-shirt-love-my-girlfriend\/\" \/>\n<meta property=\"og:site_name\" content=\"Drapeau Lesbienne\" \/>\n<meta property=\"article:modified_time\" content=\"2026-03-31T04:08:45+00:00\" \/>\n<meta property=\"og:image\" content=\"http:\/\/drapeaux-lesbienne.fr\/wp-content\/uploads\/2024\/07\/d55dfghgtfrd-removebg-preview.png\" \/>\n\t<meta property=\"og:image:width\" content=\"501\" \/>\n\t<meta property=\"og:image:height\" content=\"498\" \/>\n\t<meta property=\"og:image:type\" content=\"image\/png\" \/>\n<meta name=\"twitter:card\" content=\"summary_large_image\" \/>\n<meta name=\"twitter:label1\" content=\"Tempo di lettura stimato\" \/>\n\t<meta name=\"twitter:data1\" content=\"1 minuto\" \/>\n<script type=\"application\/ld+json\" class=\"yoast-schema-graph\">{\"@context\":\"https:\/\/schema.org\",\"@graph\":[{\"@type\":\"WebPage\",\"@id\":\"https:\/\/drapeaux-lesbienne.fr\/produit\/t-shirt-love-my-girlfriend\/\",\"url\":\"https:\/\/drapeaux-lesbienne.fr\/produit\/t-shirt-love-my-girlfriend\/\",\"name\":\"T Shirt Love My Girlfriend\",\"isPartOf\":{\"@id\":\"https:\/\/drapeaux-lesbienne.fr\/#website\"},\"primaryImageOfPage\":{\"@id\":\"https:\/\/drapeaux-lesbienne.fr\/produit\/t-shirt-love-my-girlfriend\/#primaryimage\"},\"image\":{\"@id\":\"https:\/\/drapeaux-lesbienne.fr\/produit\/t-shirt-love-my-girlfriend\/#primaryimage\"},\"thumbnailUrl\":\"https:\/\/i0.wp.com\/drapeaux-lesbienne.fr\/wp-content\/uploads\/2024\/07\/d55dfghgtfrd-removebg-preview.png?fit=501%2C498&ssl=1\",\"datePublished\":\"2024-07-05T14:07:58+00:00\",\"dateModified\":\"2026-03-31T04:08:45+00:00\",\"description\":\"T-Shirt Lesbienne \\\"Love My Girlfriend\\\" - Montrez votre amour avec ce t-shirt en coton noir. Inscription humoristique parfaite pour les \u00e9v\u00e9nements LGBTQ+ et tenues d\u00e9contract\u00e9es.\",\"breadcrumb\":{\"@id\":\"https:\/\/drapeaux-lesbienne.fr\/produit\/t-shirt-love-my-girlfriend\/#breadcrumb\"},\"inLanguage\":\"it-IT\",\"potentialAction\":[{\"@type\":\"ReadAction\",\"target\":[\"https:\/\/drapeaux-lesbienne.fr\/produit\/t-shirt-love-my-girlfriend\/\"]}]},{\"@type\":\"ImageObject\",\"inLanguage\":\"it-IT\",\"@id\":\"https:\/\/drapeaux-lesbienne.fr\/produit\/t-shirt-love-my-girlfriend\/#primaryimage\",\"url\":\"https:\/\/i0.wp.com\/drapeaux-lesbienne.fr\/wp-content\/uploads\/2024\/07\/d55dfghgtfrd-removebg-preview.png?fit=501%2C498&ssl=1\",\"contentUrl\":\"https:\/\/i0.wp.com\/drapeaux-lesbienne.fr\/wp-content\/uploads\/2024\/07\/d55dfghgtfrd-removebg-preview.png?fit=501%2C498&ssl=1\",\"width\":501,\"height\":498,\"caption\":\"T Shirt Love My Girlfriend\"},{\"@type\":\"BreadcrumbList\",\"@id\":\"https:\/\/drapeaux-lesbienne.fr\/produit\/t-shirt-love-my-girlfriend\/#breadcrumb\",\"itemListElement\":[{\"@type\":\"ListItem\",\"position\":1,\"name\":\"Accueil\",\"item\":\"https:\/\/drapeaux-lesbienne.fr\/\"},{\"@type\":\"ListItem\",\"position\":2,\"name\":\"Boutique\",\"item\":\"https:\/\/drapeaux-lesbienne.fr\/boutique\/\"},{\"@type\":\"ListItem\",\"position\":3,\"name\":\"T Shirt Love My Girlfriend\"}]},{\"@type\":\"WebSite\",\"@id\":\"https:\/\/drapeaux-lesbienne.fr\/#website\",\"url\":\"https:\/\/drapeaux-lesbienne.fr\/\",\"name\":\"Drapeaux Lesbienne\",\"description\":\"D\u00e9couvrir les Drapeaux Lesbienne\",\"publisher\":{\"@id\":\"https:\/\/drapeaux-lesbienne.fr\/#organization\"},\"potentialAction\":[{\"@type\":\"SearchAction\",\"target\":{\"@type\":\"EntryPoint\",\"urlTemplate\":\"https:\/\/drapeaux-lesbienne.fr\/?s={search_term_string}\"},\"query-input\":{\"@type\":\"PropertyValueSpecification\",\"valueRequired\":true,\"valueName\":\"search_term_string\"}}],\"inLanguage\":\"it-IT\"},{\"@type\":\"Organization\",\"@id\":\"https:\/\/drapeaux-lesbienne.fr\/#organization\",\"name\":\"Drapeaux Lesbienne\",\"url\":\"https:\/\/drapeaux-lesbienne.fr\/\",\"logo\":{\"@type\":\"ImageObject\",\"inLanguage\":\"it-IT\",\"@id\":\"https:\/\/drapeaux-lesbienne.fr\/#\/schema\/logo\/image\/\",\"url\":\"https:\/\/i0.wp.com\/drapeaux-lesbienne.fr\/wp-content\/uploads\/2024\/06\/drapeaux-lesbienne-icon.jpg?fit=512%2C512&ssl=1\",\"contentUrl\":\"https:\/\/i0.wp.com\/drapeaux-lesbienne.fr\/wp-content\/uploads\/2024\/06\/drapeaux-lesbienne-icon.jpg?fit=512%2C512&ssl=1\",\"width\":512,\"height\":512,\"caption\":\"Drapeaux Lesbienne\"},\"image\":{\"@id\":\"https:\/\/drapeaux-lesbienne.fr\/#\/schema\/logo\/image\/\"}}]}<\/script>\n<!-- \/ Yoast SEO plugin. -->","yoast_head_json":{"title":"Maglietta Love My Girlfriend","description":"T-Shirt Lesbienne \"Love My Girlfriend\" - Montrez votre amour avec ce t-shirt en coton noir. Inscription humoristique parfaite pour les \u00e9v\u00e9nements LGBTQ+ et tenues d\u00e9contract\u00e9es.","robots":{"index":"index","follow":"follow","max-snippet":"max-snippet:-1","max-image-preview":"max-image-preview:large","max-video-preview":"max-video-preview:-1"},"canonical":"https:\/\/drapeaux-lesbienne.fr\/it\/prodotto\/t-shirt-love-my-girlfriend\/","og_locale":"it_IT","og_type":"article","og_title":"T Shirt Love My Girlfriend","og_description":"T-Shirt Lesbienne \"Love My Girlfriend\" - Montrez votre amour avec ce t-shirt en coton noir. Inscription humoristique parfaite pour les \u00e9v\u00e9nements LGBTQ+ et tenues d\u00e9contract\u00e9es.","og_url":"https:\/\/drapeaux-lesbienne.fr\/it\/prodotto\/t-shirt-love-my-girlfriend\/","og_site_name":"Drapeau Lesbienne","article_modified_time":"2026-03-31T04:08:45+00:00","og_image":[{"width":501,"height":498,"url":"http:\/\/drapeaux-lesbienne.fr\/wp-content\/uploads\/2024\/07\/d55dfghgtfrd-removebg-preview.png","type":"image\/png"}],"twitter_card":"summary_large_image","twitter_misc":{"Tempo di lettura stimato":"1 minuto"},"schema":{"@context":"https:\/\/schema.org","@graph":[{"@type":"WebPage","@id":"https:\/\/drapeaux-lesbienne.fr\/produit\/t-shirt-love-my-girlfriend\/","url":"https:\/\/drapeaux-lesbienne.fr\/produit\/t-shirt-love-my-girlfriend\/","name":"Maglietta Love My Girlfriend","isPartOf":{"@id":"https:\/\/drapeaux-lesbienne.fr\/#website"},"primaryImageOfPage":{"@id":"https:\/\/drapeaux-lesbienne.fr\/produit\/t-shirt-love-my-girlfriend\/#primaryimage"},"image":{"@id":"https:\/\/drapeaux-lesbienne.fr\/produit\/t-shirt-love-my-girlfriend\/#primaryimage"},"thumbnailUrl":"https:\/\/i0.wp.com\/drapeaux-lesbienne.fr\/wp-content\/uploads\/2024\/07\/d55dfghgtfrd-removebg-preview.png?fit=501%2C498&ssl=1","datePublished":"2024-07-05T14:07:58+00:00","dateModified":"2026-03-31T04:08:45+00:00","description":"T-Shirt Lesbienne \"Love My Girlfriend\" - Montrez votre amour avec ce t-shirt en coton noir. Inscription humoristique parfaite pour les \u00e9v\u00e9nements LGBTQ+ et tenues d\u00e9contract\u00e9es.","breadcrumb":{"@id":"https:\/\/drapeaux-lesbienne.fr\/produit\/t-shirt-love-my-girlfriend\/#breadcrumb"},"inLanguage":"it-IT","potentialAction":[{"@type":"ReadAction","target":["https:\/\/drapeaux-lesbienne.fr\/produit\/t-shirt-love-my-girlfriend\/"]}]},{"@type":"ImageObject","inLanguage":"it-IT","@id":"https:\/\/drapeaux-lesbienne.fr\/produit\/t-shirt-love-my-girlfriend\/#primaryimage","url":"https:\/\/i0.wp.com\/drapeaux-lesbienne.fr\/wp-content\/uploads\/2024\/07\/d55dfghgtfrd-removebg-preview.png?fit=501%2C498&ssl=1","contentUrl":"https:\/\/i0.wp.com\/drapeaux-lesbienne.fr\/wp-content\/uploads\/2024\/07\/d55dfghgtfrd-removebg-preview.png?fit=501%2C498&ssl=1","width":501,"height":498,"caption":"T Shirt Love My Girlfriend"},{"@type":"BreadcrumbList","@id":"https:\/\/drapeaux-lesbienne.fr\/produit\/t-shirt-love-my-girlfriend\/#breadcrumb","itemListElement":[{"@type":"ListItem","position":1,"name":"Accueil","item":"https:\/\/drapeaux-lesbienne.fr\/"},{"@type":"ListItem","position":2,"name":"Boutique","item":"https:\/\/drapeaux-lesbienne.fr\/boutique\/"},{"@type":"ListItem","position":3,"name":"T Shirt Love My Girlfriend"}]},{"@type":"WebSite","@id":"https:\/\/drapeaux-lesbienne.fr\/#website","url":"https:\/\/drapeaux-lesbienne.fr\/","name":"Bandiere Lesbiche","description":"D\u00e9couvrir les Drapeaux Lesbienne","publisher":{"@id":"https:\/\/drapeaux-lesbienne.fr\/#organization"},"potentialAction":[{"@type":"SearchAction","target":{"@type":"EntryPoint","urlTemplate":"https:\/\/drapeaux-lesbienne.fr\/?s={search_term_string}"},"query-input":{"@type":"PropertyValueSpecification","valueRequired":true,"valueName":"search_term_string"}}],"inLanguage":"it-IT"},{"@type":"Organization","@id":"https:\/\/drapeaux-lesbienne.fr\/#organization","name":"Bandiere Lesbiche","url":"https:\/\/drapeaux-lesbienne.fr\/","logo":{"@type":"ImageObject","inLanguage":"it-IT","@id":"https:\/\/drapeaux-lesbienne.fr\/#\/schema\/logo\/image\/","url":"https:\/\/i0.wp.com\/drapeaux-lesbienne.fr\/wp-content\/uploads\/2024\/06\/drapeaux-lesbienne-icon.jpg?fit=512%2C512&ssl=1","contentUrl":"https:\/\/i0.wp.com\/drapeaux-lesbienne.fr\/wp-content\/uploads\/2024\/06\/drapeaux-lesbienne-icon.jpg?fit=512%2C512&ssl=1","width":512,"height":512,"caption":"Drapeaux Lesbienne"},"image":{"@id":"https:\/\/drapeaux-lesbienne.fr\/#\/schema\/logo\/image\/"}}]}},"jetpack_sharing_enabled":true,"_links":{"self":[{"href":"https:\/\/drapeaux-lesbienne.fr\/it\/wp-json\/wp\/v2\/product\/345","targetHints":{"allow":["GET"]}}],"collection":[{"href":"https:\/\/drapeaux-lesbienne.fr\/it\/wp-json\/wp\/v2\/product"}],"about":[{"href":"https:\/\/drapeaux-lesbienne.fr\/it\/wp-json\/wp\/v2\/types\/product"}],"replies":[{"embeddable":true,"href":"https:\/\/drapeaux-lesbienne.fr\/it\/wp-json\/wp\/v2\/comments?post=345"}],"wp:featuredmedia":[{"embeddable":true,"href":"https:\/\/drapeaux-lesbienne.fr\/it\/wp-json\/wp\/v2\/media\/782"}],"wp:attachment":[{"href":"https:\/\/drapeaux-lesbienne.fr\/it\/wp-json\/wp\/v2\/media?parent=345"}],"wp:term":[{"taxonomy":"product_brand","embeddable":true,"href":"https:\/\/drapeaux-lesbienne.fr\/it\/wp-json\/wp\/v2\/product_brand?post=345"},{"taxonomy":"product_cat","embeddable":true,"href":"https:\/\/drapeaux-lesbienne.fr\/it\/wp-json\/wp\/v2\/product_cat?post=345"},{"taxonomy":"product_tag","embeddable":true,"href":"https:\/\/drapeaux-lesbienne.fr\/it\/wp-json\/wp\/v2\/product_tag?post=345"}],"curies":[{"name":"wp","href":"https:\/\/api.w.org\/{rel}","templated":true}]}}