{"id":443,"date":"2024-07-05T16:13:43","date_gmt":"2024-07-05T14:13:43","guid":{"rendered":"https:\/\/drapeaux-lesbienne.fr\/produit\/t-shirt-princesse-lesbienne\/"},"modified":"2025-11-05T14:12:28","modified_gmt":"2025-11-05T13:12:28","slug":"t-shirt-princesse-lesbienne","status":"publish","type":"product","link":"https:\/\/drapeaux-lesbienne.fr\/it\/prodotto\/t-shirt-princesse-lesbienne\/","title":{"rendered":"Maglietta della principessa lesbica"},"content":{"rendered":"<p><b>Maglietta della principessa lesbica<\/b><\/p>\n<p><b>Information\u00a0produit: <\/b><\/p>\n<p>Mod\u00e8le:\u00a0Impression<\/p>\n<p>Lunghezza delle maniche: maniche corte<\/p>\n<p>Tissu\u00a0:\u00a0fibre\u00a0de\u00a0polyester principal et cotton.<\/p>\n<p>Teneur\u00a0en\u00a0ingr\u00e9dient\u00a0principal\u00a0du\u00a0tissu\u00a0:\u00a078\u00a0(%)<\/p>\n<p>Processus\u00a0:\u00a0impression\/impression\u00a0et\u00a0teinture.<\/p>\n<p>Color: 0446-white, 0536-white, 10714-white, 10717-white, 10721-white, 12551-white, 12553-white, 12554-white, 12564-white, 13007-white, 13589-white, 13590-white, 13591-white, 13592-white, 13593-white, 13594-white, 13595-white, 13596-white, 13597-white, 13598-white, 13599-white, 13600-white, 13601-white, 13602-white, 13603- White, 13604-white<\/p>\n<p><b><br \/>\nInformazioni sulle dimensioni:<\/b><\/p>\n<p>Size : XS,S,M,L,XL,XXL,XXXL,XXXXL<\/p>\n<p><img data-recalc-dims=\"1\" decoding=\"async\" style=\"max-width: 100%;\" src=\"https:\/\/i0.wp.com\/cf.cjdropshipping.com\/4d8ba8c8-9d99-4c80-ae60-87a573dac846.png?w=1200&#038;ssl=1\" \/><\/p>\n<p>&nbsp;<\/p>\n<p>&nbsp;<\/p>","protected":false},"excerpt":{"rendered":"<p>Esprimete il vostro orgoglio e il vostro amore con la nostra t-shirt lesbica \u201cPrincess\u201d. Questa t-shirt bianca presenta un design unico che mostra due principesse che si baciano, illustrando un momento tenero e romantico. Realizzata in cotone morbido e leggero, questa t-shirt \u00e8 eccezionalmente comoda ed elegante. Perfetta per eventi LGBTQ+, per uscite informali o semplicemente per aggiungere un tocco di orgoglio al vostro guardaroba, questa t-shirt \u00e8 la scelta ideale per celebrare l'amore in tutte le sue forme.<\/p>","protected":false},"featured_media":787,"comment_status":"open","ping_status":"closed","template":"","meta":{"neve_meta_sidebar":"","neve_meta_container":"","neve_meta_enable_content_width":"off","neve_meta_content_width":100,"neve_meta_title_alignment":"","neve_meta_author_avatar":"","neve_post_elements_order":"","neve_meta_disable_header":"","neve_meta_disable_footer":"","neve_meta_disable_title":""},"product_brand":[],"product_cat":[22],"product_tag":[],"class_list":{"0":"post-443","1":"product","2":"type-product","3":"status-publish","4":"has-post-thumbnail","6":"product_cat-t-shirt-lesbienne","8":"first","9":"instock","10":"shipping-taxable","11":"purchasable","12":"product-type-variable"},"yoast_head":"<!-- This site is optimized with the Yoast SEO plugin v26.8 - https:\/\/yoast.com\/product\/yoast-seo-wordpress\/ -->\n<title>T Shirt Princesse Lesbienne<\/title>\n<meta name=\"description\" content=\"T-Shirt Lesbienne &quot;Princesse&quot; - Design unique avec deux princesses s&#039;embrassant. Confortable et styl\u00e9, parfait pour c\u00e9l\u00e9brer l&#039;amour et la fiert\u00e9 LGBTQ+.\" \/>\n<meta name=\"robots\" content=\"index, follow, max-snippet:-1, max-image-preview:large, max-video-preview:-1\" \/>\n<link rel=\"canonical\" href=\"https:\/\/drapeaux-lesbienne.fr\/it\/prodotto\/t-shirt-princesse-lesbienne\/\" \/>\n<meta property=\"og:locale\" content=\"it_IT\" \/>\n<meta property=\"og:type\" content=\"article\" \/>\n<meta property=\"og:title\" content=\"T Shirt Princesse Lesbienne\" \/>\n<meta property=\"og:description\" content=\"T-Shirt Lesbienne &quot;Princesse&quot; - Design unique avec deux princesses s&#039;embrassant. Confortable et styl\u00e9, parfait pour c\u00e9l\u00e9brer l&#039;amour et la fiert\u00e9 LGBTQ+.\" \/>\n<meta property=\"og:url\" content=\"https:\/\/drapeaux-lesbienne.fr\/it\/prodotto\/t-shirt-princesse-lesbienne\/\" \/>\n<meta property=\"og:site_name\" content=\"Drapeau Lesbienne\" \/>\n<meta property=\"article:modified_time\" content=\"2025-11-05T13:12:28+00:00\" \/>\n<meta property=\"og:image\" content=\"http:\/\/drapeaux-lesbienne.fr\/wp-content\/uploads\/2024\/07\/T-Shirt-Princesse-Lesbienne.png\" \/>\n\t<meta property=\"og:image:width\" content=\"500\" \/>\n\t<meta property=\"og:image:height\" content=\"499\" \/>\n\t<meta property=\"og:image:type\" content=\"image\/png\" \/>\n<meta name=\"twitter:card\" content=\"summary_large_image\" \/>\n<meta name=\"twitter:label1\" content=\"Tempo di lettura stimato\" \/>\n\t<meta name=\"twitter:data1\" content=\"1 minuto\" \/>\n<script type=\"application\/ld+json\" class=\"yoast-schema-graph\">{\"@context\":\"https:\/\/schema.org\",\"@graph\":[{\"@type\":\"WebPage\",\"@id\":\"https:\/\/drapeaux-lesbienne.fr\/produit\/t-shirt-princesse-lesbienne\/\",\"url\":\"https:\/\/drapeaux-lesbienne.fr\/produit\/t-shirt-princesse-lesbienne\/\",\"name\":\"T Shirt Princesse Lesbienne\",\"isPartOf\":{\"@id\":\"https:\/\/drapeaux-lesbienne.fr\/#website\"},\"primaryImageOfPage\":{\"@id\":\"https:\/\/drapeaux-lesbienne.fr\/produit\/t-shirt-princesse-lesbienne\/#primaryimage\"},\"image\":{\"@id\":\"https:\/\/drapeaux-lesbienne.fr\/produit\/t-shirt-princesse-lesbienne\/#primaryimage\"},\"thumbnailUrl\":\"https:\/\/i0.wp.com\/drapeaux-lesbienne.fr\/wp-content\/uploads\/2024\/07\/T-Shirt-Princesse-Lesbienne.png?fit=500%2C499&ssl=1\",\"datePublished\":\"2024-07-05T14:13:43+00:00\",\"dateModified\":\"2025-11-05T13:12:28+00:00\",\"description\":\"T-Shirt Lesbienne \\\"Princesse\\\" - Design unique avec deux princesses s'embrassant. Confortable et styl\u00e9, parfait pour c\u00e9l\u00e9brer l'amour et la fiert\u00e9 LGBTQ+.\",\"breadcrumb\":{\"@id\":\"https:\/\/drapeaux-lesbienne.fr\/produit\/t-shirt-princesse-lesbienne\/#breadcrumb\"},\"inLanguage\":\"it-IT\",\"potentialAction\":[{\"@type\":\"ReadAction\",\"target\":[\"https:\/\/drapeaux-lesbienne.fr\/produit\/t-shirt-princesse-lesbienne\/\"]}]},{\"@type\":\"ImageObject\",\"inLanguage\":\"it-IT\",\"@id\":\"https:\/\/drapeaux-lesbienne.fr\/produit\/t-shirt-princesse-lesbienne\/#primaryimage\",\"url\":\"https:\/\/i0.wp.com\/drapeaux-lesbienne.fr\/wp-content\/uploads\/2024\/07\/T-Shirt-Princesse-Lesbienne.png?fit=500%2C499&ssl=1\",\"contentUrl\":\"https:\/\/i0.wp.com\/drapeaux-lesbienne.fr\/wp-content\/uploads\/2024\/07\/T-Shirt-Princesse-Lesbienne.png?fit=500%2C499&ssl=1\",\"width\":500,\"height\":499,\"caption\":\"T Shirt Princesse Lesbienne\"},{\"@type\":\"BreadcrumbList\",\"@id\":\"https:\/\/drapeaux-lesbienne.fr\/produit\/t-shirt-princesse-lesbienne\/#breadcrumb\",\"itemListElement\":[{\"@type\":\"ListItem\",\"position\":1,\"name\":\"Accueil\",\"item\":\"https:\/\/drapeaux-lesbienne.fr\/\"},{\"@type\":\"ListItem\",\"position\":2,\"name\":\"Boutique\",\"item\":\"https:\/\/drapeaux-lesbienne.fr\/boutique\/\"},{\"@type\":\"ListItem\",\"position\":3,\"name\":\"T Shirt Princesse Lesbienne\"}]},{\"@type\":\"WebSite\",\"@id\":\"https:\/\/drapeaux-lesbienne.fr\/#website\",\"url\":\"https:\/\/drapeaux-lesbienne.fr\/\",\"name\":\"Drapeaux Lesbienne\",\"description\":\"D\u00e9couvrir les Drapeaux Lesbienne\",\"publisher\":{\"@id\":\"https:\/\/drapeaux-lesbienne.fr\/#organization\"},\"potentialAction\":[{\"@type\":\"SearchAction\",\"target\":{\"@type\":\"EntryPoint\",\"urlTemplate\":\"https:\/\/drapeaux-lesbienne.fr\/?s={search_term_string}\"},\"query-input\":{\"@type\":\"PropertyValueSpecification\",\"valueRequired\":true,\"valueName\":\"search_term_string\"}}],\"inLanguage\":\"it-IT\"},{\"@type\":\"Organization\",\"@id\":\"https:\/\/drapeaux-lesbienne.fr\/#organization\",\"name\":\"Drapeaux Lesbienne\",\"url\":\"https:\/\/drapeaux-lesbienne.fr\/\",\"logo\":{\"@type\":\"ImageObject\",\"inLanguage\":\"it-IT\",\"@id\":\"https:\/\/drapeaux-lesbienne.fr\/#\/schema\/logo\/image\/\",\"url\":\"https:\/\/i0.wp.com\/drapeaux-lesbienne.fr\/wp-content\/uploads\/2024\/06\/drapeaux-lesbienne-icon.jpg?fit=512%2C512&ssl=1\",\"contentUrl\":\"https:\/\/i0.wp.com\/drapeaux-lesbienne.fr\/wp-content\/uploads\/2024\/06\/drapeaux-lesbienne-icon.jpg?fit=512%2C512&ssl=1\",\"width\":512,\"height\":512,\"caption\":\"Drapeaux Lesbienne\"},\"image\":{\"@id\":\"https:\/\/drapeaux-lesbienne.fr\/#\/schema\/logo\/image\/\"}}]}<\/script>\n<!-- \/ Yoast SEO plugin. -->","yoast_head_json":{"title":"Maglietta della principessa lesbica","description":"T-Shirt Lesbienne \"Princesse\" - Design unique avec deux princesses s'embrassant. Confortable et styl\u00e9, parfait pour c\u00e9l\u00e9brer l'amour et la fiert\u00e9 LGBTQ+.","robots":{"index":"index","follow":"follow","max-snippet":"max-snippet:-1","max-image-preview":"max-image-preview:large","max-video-preview":"max-video-preview:-1"},"canonical":"https:\/\/drapeaux-lesbienne.fr\/it\/prodotto\/t-shirt-princesse-lesbienne\/","og_locale":"it_IT","og_type":"article","og_title":"T Shirt Princesse Lesbienne","og_description":"T-Shirt Lesbienne \"Princesse\" - Design unique avec deux princesses s'embrassant. Confortable et styl\u00e9, parfait pour c\u00e9l\u00e9brer l'amour et la fiert\u00e9 LGBTQ+.","og_url":"https:\/\/drapeaux-lesbienne.fr\/it\/prodotto\/t-shirt-princesse-lesbienne\/","og_site_name":"Drapeau Lesbienne","article_modified_time":"2025-11-05T13:12:28+00:00","og_image":[{"width":500,"height":499,"url":"http:\/\/drapeaux-lesbienne.fr\/wp-content\/uploads\/2024\/07\/T-Shirt-Princesse-Lesbienne.png","type":"image\/png"}],"twitter_card":"summary_large_image","twitter_misc":{"Tempo di lettura stimato":"1 minuto"},"schema":{"@context":"https:\/\/schema.org","@graph":[{"@type":"WebPage","@id":"https:\/\/drapeaux-lesbienne.fr\/produit\/t-shirt-princesse-lesbienne\/","url":"https:\/\/drapeaux-lesbienne.fr\/produit\/t-shirt-princesse-lesbienne\/","name":"Maglietta della principessa lesbica","isPartOf":{"@id":"https:\/\/drapeaux-lesbienne.fr\/#website"},"primaryImageOfPage":{"@id":"https:\/\/drapeaux-lesbienne.fr\/produit\/t-shirt-princesse-lesbienne\/#primaryimage"},"image":{"@id":"https:\/\/drapeaux-lesbienne.fr\/produit\/t-shirt-princesse-lesbienne\/#primaryimage"},"thumbnailUrl":"https:\/\/i0.wp.com\/drapeaux-lesbienne.fr\/wp-content\/uploads\/2024\/07\/T-Shirt-Princesse-Lesbienne.png?fit=500%2C499&ssl=1","datePublished":"2024-07-05T14:13:43+00:00","dateModified":"2025-11-05T13:12:28+00:00","description":"T-Shirt Lesbienne \"Princesse\" - Design unique avec deux princesses s'embrassant. Confortable et styl\u00e9, parfait pour c\u00e9l\u00e9brer l'amour et la fiert\u00e9 LGBTQ+.","breadcrumb":{"@id":"https:\/\/drapeaux-lesbienne.fr\/produit\/t-shirt-princesse-lesbienne\/#breadcrumb"},"inLanguage":"it-IT","potentialAction":[{"@type":"ReadAction","target":["https:\/\/drapeaux-lesbienne.fr\/produit\/t-shirt-princesse-lesbienne\/"]}]},{"@type":"ImageObject","inLanguage":"it-IT","@id":"https:\/\/drapeaux-lesbienne.fr\/produit\/t-shirt-princesse-lesbienne\/#primaryimage","url":"https:\/\/i0.wp.com\/drapeaux-lesbienne.fr\/wp-content\/uploads\/2024\/07\/T-Shirt-Princesse-Lesbienne.png?fit=500%2C499&ssl=1","contentUrl":"https:\/\/i0.wp.com\/drapeaux-lesbienne.fr\/wp-content\/uploads\/2024\/07\/T-Shirt-Princesse-Lesbienne.png?fit=500%2C499&ssl=1","width":500,"height":499,"caption":"T Shirt Princesse Lesbienne"},{"@type":"BreadcrumbList","@id":"https:\/\/drapeaux-lesbienne.fr\/produit\/t-shirt-princesse-lesbienne\/#breadcrumb","itemListElement":[{"@type":"ListItem","position":1,"name":"Accueil","item":"https:\/\/drapeaux-lesbienne.fr\/"},{"@type":"ListItem","position":2,"name":"Boutique","item":"https:\/\/drapeaux-lesbienne.fr\/boutique\/"},{"@type":"ListItem","position":3,"name":"T Shirt Princesse Lesbienne"}]},{"@type":"WebSite","@id":"https:\/\/drapeaux-lesbienne.fr\/#website","url":"https:\/\/drapeaux-lesbienne.fr\/","name":"Bandiere Lesbiche","description":"D\u00e9couvrir les Drapeaux Lesbienne","publisher":{"@id":"https:\/\/drapeaux-lesbienne.fr\/#organization"},"potentialAction":[{"@type":"SearchAction","target":{"@type":"EntryPoint","urlTemplate":"https:\/\/drapeaux-lesbienne.fr\/?s={search_term_string}"},"query-input":{"@type":"PropertyValueSpecification","valueRequired":true,"valueName":"search_term_string"}}],"inLanguage":"it-IT"},{"@type":"Organization","@id":"https:\/\/drapeaux-lesbienne.fr\/#organization","name":"Bandiere Lesbiche","url":"https:\/\/drapeaux-lesbienne.fr\/","logo":{"@type":"ImageObject","inLanguage":"it-IT","@id":"https:\/\/drapeaux-lesbienne.fr\/#\/schema\/logo\/image\/","url":"https:\/\/i0.wp.com\/drapeaux-lesbienne.fr\/wp-content\/uploads\/2024\/06\/drapeaux-lesbienne-icon.jpg?fit=512%2C512&ssl=1","contentUrl":"https:\/\/i0.wp.com\/drapeaux-lesbienne.fr\/wp-content\/uploads\/2024\/06\/drapeaux-lesbienne-icon.jpg?fit=512%2C512&ssl=1","width":512,"height":512,"caption":"Drapeaux Lesbienne"},"image":{"@id":"https:\/\/drapeaux-lesbienne.fr\/#\/schema\/logo\/image\/"}}]}},"jetpack_sharing_enabled":true,"_links":{"self":[{"href":"https:\/\/drapeaux-lesbienne.fr\/it\/wp-json\/wp\/v2\/product\/443","targetHints":{"allow":["GET"]}}],"collection":[{"href":"https:\/\/drapeaux-lesbienne.fr\/it\/wp-json\/wp\/v2\/product"}],"about":[{"href":"https:\/\/drapeaux-lesbienne.fr\/it\/wp-json\/wp\/v2\/types\/product"}],"replies":[{"embeddable":true,"href":"https:\/\/drapeaux-lesbienne.fr\/it\/wp-json\/wp\/v2\/comments?post=443"}],"wp:featuredmedia":[{"embeddable":true,"href":"https:\/\/drapeaux-lesbienne.fr\/it\/wp-json\/wp\/v2\/media\/787"}],"wp:attachment":[{"href":"https:\/\/drapeaux-lesbienne.fr\/it\/wp-json\/wp\/v2\/media?parent=443"}],"wp:term":[{"taxonomy":"product_brand","embeddable":true,"href":"https:\/\/drapeaux-lesbienne.fr\/it\/wp-json\/wp\/v2\/product_brand?post=443"},{"taxonomy":"product_cat","embeddable":true,"href":"https:\/\/drapeaux-lesbienne.fr\/it\/wp-json\/wp\/v2\/product_cat?post=443"},{"taxonomy":"product_tag","embeddable":true,"href":"https:\/\/drapeaux-lesbienne.fr\/it\/wp-json\/wp\/v2\/product_tag?post=443"}],"curies":[{"name":"wp","href":"https:\/\/api.w.org\/{rel}","templated":true}]}}